{"id":257,"date":"2024-11-20T08:00:45","date_gmt":"2024-11-20T07:00:45","guid":{"rendered":"https:\/\/actionmall.act.at\/shop\/246\/?post_type=product&#038;p=257"},"modified":"2026-02-13T12:18:14","modified_gmt":"2026-02-13T11:18:14","slug":"dc34","status":"publish","type":"product","link":"https:\/\/actionmall.act.at\/shop\/246\/produkt\/dc34\/","title":{"rendered":"DC34"},"content":{"rendered":"<p>Technologie: Root Cyclone\u2122 Technologie<br \/>\nSaugleistung: 15 min bei 28 Watt f\u00fcr hohe Saugkraft oder 6 min auf h\u00f6chster Saugstufe mit 65 Watt.<br \/>\nBeh\u00e4lterkapazit\u00e4t: 0,35 Liter<br \/>\nGewicht: 1,33 kg<\/p>\n","protected":false},"excerpt":{"rendered":"<p>Technologie: Root Cyclone\u2122 Technologie Saugleistung: 15 min bei 28 Watt f\u00fcr hohe Saugkraft oder 6 min auf h\u00f6chster Saugstufe mit 65 Watt. Beh\u00e4lterkapazit\u00e4t: 0,35 Liter Gewicht: 1,33 kg<\/p>\n","protected":false},"featured_media":557,"template":"","meta":[],"product_cat":[],"product_tag":[],"class_list":{"0":"post-257","1":"product","2":"type-product","3":"status-publish","4":"has-post-thumbnail","7":"first","8":"instock","9":"taxable","10":"shipping-taxable","11":"purchasable","12":"product-type-simple"},"_links":{"self":[{"href":"https:\/\/actionmall.act.at\/shop\/246\/wp-json\/wp\/v2\/product\/257"}],"collection":[{"href":"https:\/\/actionmall.act.at\/shop\/246\/wp-json\/wp\/v2\/product"}],"about":[{"href":"https:\/\/actionmall.act.at\/shop\/246\/wp-json\/wp\/v2\/types\/product"}],"wp:featuredmedia":[{"embeddable":true,"href":"https:\/\/actionmall.act.at\/shop\/246\/wp-json\/wp\/v2\/media\/557"}],"wp:attachment":[{"href":"https:\/\/actionmall.act.at\/shop\/246\/wp-json\/wp\/v2\/media?parent=257"}],"wp:term":[{"taxonomy":"product_cat","embeddable":true,"href":"https:\/\/actionmall.act.at\/shop\/246\/wp-json\/wp\/v2\/product_cat?post=257"},{"taxonomy":"product_tag","embeddable":true,"href":"https:\/\/actionmall.act.at\/shop\/246\/wp-json\/wp\/v2\/product_tag?post=257"}],"curies":[{"name":"wp","href":"https:\/\/api.w.org\/{rel}","templated":true}]}}