{"id":258,"date":"2024-11-20T08:00:40","date_gmt":"2024-11-20T07:00:40","guid":{"rendered":"https:\/\/actionmall.act.at\/shop\/246\/?post_type=product&#038;p=258"},"modified":"2026-02-13T12:22:50","modified_gmt":"2026-02-13T11:22:50","slug":"dyson-airblade-tap","status":"publish","type":"product","link":"https:\/\/actionmall.act.at\/shop\/246\/produkt\/dyson-airblade-tap\/","title":{"rendered":"Dyson Airblade Tap"},"content":{"rendered":"<p>Waschen und Trocknen der H\u00e4nde am Waschbecken.<br \/>\nEr trocknet die H\u00e4nde in 10 Sekunden.<br \/>\nGeringer CO2-Aussto\u00df: 5,8g\/CO2 pro Trocknung<br \/>\nWird per Sensor gesteuert, daher m\u00fcssen kein Wasserhahn und keine Kn\u00f6pfe ber\u00fchrt werden.<\/p>\n","protected":false},"excerpt":{"rendered":"<p>Waschen und Trocknen der H\u00e4nde am Waschbecken. Er trocknet die H\u00e4nde in 10 Sekunden. Geringer CO2-Aussto\u00df: 5,8g\/CO2 pro Trocknung Wird per Sensor gesteuert, daher m\u00fcssen kein Wasserhahn und keine Kn\u00f6pfe ber\u00fchrt werden.<\/p>\n","protected":false},"featured_media":561,"template":"","meta":[],"product_cat":[],"product_tag":[],"class_list":{"0":"post-258","1":"product","2":"type-product","3":"status-publish","4":"has-post-thumbnail","7":"first","8":"instock","9":"taxable","10":"shipping-taxable","11":"purchasable","12":"product-type-simple"},"_links":{"self":[{"href":"https:\/\/actionmall.act.at\/shop\/246\/wp-json\/wp\/v2\/product\/258"}],"collection":[{"href":"https:\/\/actionmall.act.at\/shop\/246\/wp-json\/wp\/v2\/product"}],"about":[{"href":"https:\/\/actionmall.act.at\/shop\/246\/wp-json\/wp\/v2\/types\/product"}],"wp:featuredmedia":[{"embeddable":true,"href":"https:\/\/actionmall.act.at\/shop\/246\/wp-json\/wp\/v2\/media\/561"}],"wp:attachment":[{"href":"https:\/\/actionmall.act.at\/shop\/246\/wp-json\/wp\/v2\/media?parent=258"}],"wp:term":[{"taxonomy":"product_cat","embeddable":true,"href":"https:\/\/actionmall.act.at\/shop\/246\/wp-json\/wp\/v2\/product_cat?post=258"},{"taxonomy":"product_tag","embeddable":true,"href":"https:\/\/actionmall.act.at\/shop\/246\/wp-json\/wp\/v2\/product_tag?post=258"}],"curies":[{"name":"wp","href":"https:\/\/api.w.org\/{rel}","templated":true}]}}