{"id":261,"date":"2024-11-20T08:00:10","date_gmt":"2024-11-20T07:00:10","guid":{"rendered":"https:\/\/actionmall.act.at\/shop\/246\/?post_type=product&#038;p=261"},"modified":"2026-02-13T12:27:57","modified_gmt":"2026-02-13T11:27:57","slug":"dyson-airblade-aluminium","status":"publish","type":"product","link":"https:\/\/actionmall.act.at\/shop\/246\/produkt\/dyson-airblade-aluminium\/","title":{"rendered":"Dyson Airblade Aluminium"},"content":{"rendered":"<p>10 Sekunden Trockenzeit<br \/>\nKosteng\u00fcnstig<br \/>\n80% weniger Energieverbrauch<br \/>\nBer\u00fchrungsfreie Benutzung<br \/>\nRobustes Geh\u00e4use<br \/>\n5 Jahre Gew\u00e4hrleistung<br \/>\nGewicht: 10 kg<\/p>\n","protected":false},"excerpt":{"rendered":"<p>10 Sekunden Trockenzeit Kosteng\u00fcnstig 80% weniger Energieverbrauch Ber\u00fchrungsfreie Benutzung Robustes Geh\u00e4use 5 Jahre Gew\u00e4hrleistung Gewicht: 10 kg<\/p>\n","protected":false},"featured_media":570,"template":"","meta":[],"product_cat":[],"product_tag":[],"class_list":{"0":"post-261","1":"product","2":"type-product","3":"status-publish","4":"has-post-thumbnail","7":"first","8":"instock","9":"taxable","10":"shipping-taxable","11":"purchasable","12":"product-type-simple"},"_links":{"self":[{"href":"https:\/\/actionmall.act.at\/shop\/246\/wp-json\/wp\/v2\/product\/261"}],"collection":[{"href":"https:\/\/actionmall.act.at\/shop\/246\/wp-json\/wp\/v2\/product"}],"about":[{"href":"https:\/\/actionmall.act.at\/shop\/246\/wp-json\/wp\/v2\/types\/product"}],"wp:featuredmedia":[{"embeddable":true,"href":"https:\/\/actionmall.act.at\/shop\/246\/wp-json\/wp\/v2\/media\/570"}],"wp:attachment":[{"href":"https:\/\/actionmall.act.at\/shop\/246\/wp-json\/wp\/v2\/media?parent=261"}],"wp:term":[{"taxonomy":"product_cat","embeddable":true,"href":"https:\/\/actionmall.act.at\/shop\/246\/wp-json\/wp\/v2\/product_cat?post=261"},{"taxonomy":"product_tag","embeddable":true,"href":"https:\/\/actionmall.act.at\/shop\/246\/wp-json\/wp\/v2\/product_tag?post=261"}],"curies":[{"name":"wp","href":"https:\/\/api.w.org\/{rel}","templated":true}]}}