{"id":262,"date":"2024-11-20T08:00:09","date_gmt":"2024-11-20T07:00:09","guid":{"rendered":"https:\/\/actionmall.act.at\/shop\/246\/?post_type=product&#038;p=262"},"modified":"2026-02-13T12:28:54","modified_gmt":"2026-02-13T11:28:54","slug":"unold-wasserkocher","status":"publish","type":"product","link":"https:\/\/actionmall.act.at\/shop\/246\/produkt\/unold-wasserkocher\/","title":{"rendered":"Unold Wasserkocher"},"content":{"rendered":"<p>W\u00e4rmeisoliertes Edelstahlgeh\u00e4use<br \/>\nMaximale Leistung 1.000 Watt.<\/p>\n<p>Lieferumfang: Wasserkocher, 2 Tassen, 2 L\u00f6ffel, Beh\u00e4lter, Aufbewahrungsbeutel, Bedienungsanleitung<\/p>\n","protected":false},"excerpt":{"rendered":"<p>W\u00e4rmeisoliertes Edelstahlgeh\u00e4use Maximale Leistung 1.000 Watt. Lieferumfang: Wasserkocher, 2 Tassen, 2 L\u00f6ffel, Beh\u00e4lter, Aufbewahrungsbeutel, Bedienungsanleitung<\/p>\n","protected":false},"featured_media":572,"template":"","meta":[],"product_cat":[],"product_tag":[],"class_list":{"0":"post-262","1":"product","2":"type-product","3":"status-publish","4":"has-post-thumbnail","7":"first","8":"instock","9":"taxable","10":"shipping-taxable","11":"purchasable","12":"product-type-simple"},"_links":{"self":[{"href":"https:\/\/actionmall.act.at\/shop\/246\/wp-json\/wp\/v2\/product\/262"}],"collection":[{"href":"https:\/\/actionmall.act.at\/shop\/246\/wp-json\/wp\/v2\/product"}],"about":[{"href":"https:\/\/actionmall.act.at\/shop\/246\/wp-json\/wp\/v2\/types\/product"}],"wp:featuredmedia":[{"embeddable":true,"href":"https:\/\/actionmall.act.at\/shop\/246\/wp-json\/wp\/v2\/media\/572"}],"wp:attachment":[{"href":"https:\/\/actionmall.act.at\/shop\/246\/wp-json\/wp\/v2\/media?parent=262"}],"wp:term":[{"taxonomy":"product_cat","embeddable":true,"href":"https:\/\/actionmall.act.at\/shop\/246\/wp-json\/wp\/v2\/product_cat?post=262"},{"taxonomy":"product_tag","embeddable":true,"href":"https:\/\/actionmall.act.at\/shop\/246\/wp-json\/wp\/v2\/product_tag?post=262"}],"curies":[{"name":"wp","href":"https:\/\/api.w.org\/{rel}","templated":true}]}}