{"id":266,"date":"2024-11-20T08:00:25","date_gmt":"2024-11-20T07:00:25","guid":{"rendered":"https:\/\/actionmall.act.at\/shop\/246\/?post_type=product&#038;p=266"},"modified":"2026-02-13T12:24:12","modified_gmt":"2026-02-13T11:24:12","slug":"karibu-sauna-fiona-1","status":"publish","type":"product","link":"https:\/\/actionmall.act.at\/shop\/246\/produkt\/karibu-sauna-fiona-1\/","title":{"rendered":"Karibu Sauna Fiona 1"},"content":{"rendered":"<p>Exklusive Optik inkl. Ganzglast\u00fcr, Ofenschutzgitter, Fensterelement, Kopfst\u00fctze und Espenholzb\u00e4nke.<\/p>\n<p>Erh\u00e4ltlich in 9kW normal, oder 9kW Bio-Kombiofen<\/p>\n<p>Ma\u00dfe: 196 x 151 cm (Ohne Dachkranz), 210 x 200 (Mit Dachkranz)<\/p>\n","protected":false},"excerpt":{"rendered":"<p>Exklusive Optik inkl. Ganzglast\u00fcr, Ofenschutzgitter, Fensterelement, Kopfst\u00fctze und Espenholzb\u00e4nke. Erh\u00e4ltlich in 9kW normal, oder 9kW Bio-Kombiofen Ma\u00dfe: 196 x 151 cm (Ohne Dachkranz), 210 x 200 (Mit Dachkranz)<\/p>\n","protected":false},"featured_media":564,"template":"","meta":[],"product_cat":[],"product_tag":[],"class_list":{"0":"post-266","1":"product","2":"type-product","3":"status-publish","4":"has-post-thumbnail","7":"first","8":"instock","9":"taxable","10":"shipping-taxable","11":"purchasable","12":"product-type-simple"},"_links":{"self":[{"href":"https:\/\/actionmall.act.at\/shop\/246\/wp-json\/wp\/v2\/product\/266"}],"collection":[{"href":"https:\/\/actionmall.act.at\/shop\/246\/wp-json\/wp\/v2\/product"}],"about":[{"href":"https:\/\/actionmall.act.at\/shop\/246\/wp-json\/wp\/v2\/types\/product"}],"wp:featuredmedia":[{"embeddable":true,"href":"https:\/\/actionmall.act.at\/shop\/246\/wp-json\/wp\/v2\/media\/564"}],"wp:attachment":[{"href":"https:\/\/actionmall.act.at\/shop\/246\/wp-json\/wp\/v2\/media?parent=266"}],"wp:term":[{"taxonomy":"product_cat","embeddable":true,"href":"https:\/\/actionmall.act.at\/shop\/246\/wp-json\/wp\/v2\/product_cat?post=266"},{"taxonomy":"product_tag","embeddable":true,"href":"https:\/\/actionmall.act.at\/shop\/246\/wp-json\/wp\/v2\/product_tag?post=266"}],"curies":[{"name":"wp","href":"https:\/\/api.w.org\/{rel}","templated":true}]}}