{"id":271,"date":"2024-11-20T08:00:08","date_gmt":"2024-11-20T07:00:08","guid":{"rendered":"https:\/\/actionmall.act.at\/shop\/246\/?post_type=product&#038;p=271"},"modified":"2026-02-13T12:30:04","modified_gmt":"2026-02-13T11:30:04","slug":"farmex-759-65-werkzeugkoffer","status":"publish","type":"product","link":"https:\/\/actionmall.act.at\/shop\/246\/produkt\/farmex-759-65-werkzeugkoffer\/","title":{"rendered":"Farmex 759-65 Werkzeugkoffer"},"content":{"rendered":"<p>125-teilig<br \/>\n4 Zangen, 6 Schraubendreher, Spannungspr\u00fcfer 230V, 10.tlg. 24 Schraub-Bits, Feile, S\u00e4ge uvm.<br \/>\nMa\u00dfe: 46,5x36x15,2<\/p>\n","protected":false},"excerpt":{"rendered":"<p>125-teilig 4 Zangen, 6 Schraubendreher, Spannungspr\u00fcfer 230V, 10.tlg. 24 Schraub-Bits, Feile, S\u00e4ge uvm. Ma\u00dfe: 46,5x36x15,2<\/p>\n","protected":false},"featured_media":574,"template":"","meta":[],"product_cat":[],"product_tag":[],"class_list":{"0":"post-271","1":"product","2":"type-product","3":"status-publish","4":"has-post-thumbnail","7":"first","8":"instock","9":"taxable","10":"shipping-taxable","11":"purchasable","12":"product-type-simple"},"_links":{"self":[{"href":"https:\/\/actionmall.act.at\/shop\/246\/wp-json\/wp\/v2\/product\/271"}],"collection":[{"href":"https:\/\/actionmall.act.at\/shop\/246\/wp-json\/wp\/v2\/product"}],"about":[{"href":"https:\/\/actionmall.act.at\/shop\/246\/wp-json\/wp\/v2\/types\/product"}],"wp:featuredmedia":[{"embeddable":true,"href":"https:\/\/actionmall.act.at\/shop\/246\/wp-json\/wp\/v2\/media\/574"}],"wp:attachment":[{"href":"https:\/\/actionmall.act.at\/shop\/246\/wp-json\/wp\/v2\/media?parent=271"}],"wp:term":[{"taxonomy":"product_cat","embeddable":true,"href":"https:\/\/actionmall.act.at\/shop\/246\/wp-json\/wp\/v2\/product_cat?post=271"},{"taxonomy":"product_tag","embeddable":true,"href":"https:\/\/actionmall.act.at\/shop\/246\/wp-json\/wp\/v2\/product_tag?post=271"}],"curies":[{"name":"wp","href":"https:\/\/api.w.org\/{rel}","templated":true}]}}