{"id":278,"date":"2024-11-20T08:00:15","date_gmt":"2024-11-20T07:00:15","guid":{"rendered":"https:\/\/actionmall.act.at\/shop\/246\/?post_type=product&#038;p=278"},"modified":"2024-11-19T10:31:43","modified_gmt":"2024-11-19T09:31:43","slug":"husqvarna-auto-mower","status":"publish","type":"product","link":"https:\/\/actionmall.act.at\/shop\/246\/produkt\/husqvarna-auto-mower\/","title":{"rendered":"HUSQVARNA Auto Mower"},"content":{"rendered":"<p>Der vollautomatische Akkurasenroboter, h\u00e4lt Ihren Rasen automatisch die ganze Saison \u00fcber kurz, m\u00e4ht und l\u00e4dt sich v\u00f6llig selbst\u00e4ndig wieder auf. M\u00e4hfl\u00e4che bis ca. 1200 m2, Schnitth\u00f6he stufenlos von 30 \u2013 95 mm, 7,1 kg. Grundausstattung: Auto Mower Ladestation, Begrenzungskabel, Netzteil.<\/p>\n","protected":false},"excerpt":{"rendered":"<p>Der vollautomatische Akkurasenroboter, h\u00e4lt Ihren Rasen automatisch die ganze Saison \u00fcber kurz, m\u00e4ht und l\u00e4dt sich v\u00f6llig selbst\u00e4ndig wieder auf. M\u00e4hfl\u00e4che bis ca. 1200 m2, Schnitth\u00f6he stufenlos von 30 \u2013 95 mm, 7,1 kg. Grundausstattung: Auto Mower Ladestation, Begrenzungskabel, Netzteil.<\/p>\n","protected":false},"featured_media":280,"template":"","meta":[],"product_cat":[],"product_tag":[],"class_list":{"0":"post-278","1":"product","2":"type-product","3":"status-publish","4":"has-post-thumbnail","7":"first","8":"instock","9":"taxable","10":"shipping-taxable","11":"purchasable","12":"product-type-simple"},"_links":{"self":[{"href":"https:\/\/actionmall.act.at\/shop\/246\/wp-json\/wp\/v2\/product\/278"}],"collection":[{"href":"https:\/\/actionmall.act.at\/shop\/246\/wp-json\/wp\/v2\/product"}],"about":[{"href":"https:\/\/actionmall.act.at\/shop\/246\/wp-json\/wp\/v2\/types\/product"}],"wp:featuredmedia":[{"embeddable":true,"href":"https:\/\/actionmall.act.at\/shop\/246\/wp-json\/wp\/v2\/media\/280"}],"wp:attachment":[{"href":"https:\/\/actionmall.act.at\/shop\/246\/wp-json\/wp\/v2\/media?parent=278"}],"wp:term":[{"taxonomy":"product_cat","embeddable":true,"href":"https:\/\/actionmall.act.at\/shop\/246\/wp-json\/wp\/v2\/product_cat?post=278"},{"taxonomy":"product_tag","embeddable":true,"href":"https:\/\/actionmall.act.at\/shop\/246\/wp-json\/wp\/v2\/product_tag?post=278"}],"curies":[{"name":"wp","href":"https:\/\/api.w.org\/{rel}","templated":true}]}}