{"id":282,"date":"2024-11-20T08:00:08","date_gmt":"2024-11-20T07:00:08","guid":{"rendered":"https:\/\/actionmall.act.at\/shop\/246\/?post_type=product&#038;p=282"},"modified":"2026-02-13T12:29:25","modified_gmt":"2026-02-13T11:29:25","slug":"honda-aufsitzmaeher-hf-1211-s","status":"publish","type":"product","link":"https:\/\/actionmall.act.at\/shop\/246\/produkt\/honda-aufsitzmaeher-hf-1211-s\/","title":{"rendered":"HONDA Aufsitzm\u00e4her HF 1211 S"},"content":{"rendered":"<p>11 PS OHV HONDA 4-Takt-Motor,<br \/>\n71 cm Schnittbreite,<br \/>\n5 Vorw\u00e4rts und 1 R\u00fcckw\u00e4rtsgang,<br \/>\n7-fache H\u00f6henverstellung,<br \/>\nHeckauswurf und 170 Liter Grasfangbox<\/p>\n","protected":false},"excerpt":{"rendered":"<p>11 PS OHV HONDA 4-Takt-Motor, 71 cm Schnittbreite, 5 Vorw\u00e4rts und 1 R\u00fcckw\u00e4rtsgang, 7-fache H\u00f6henverstellung, Heckauswurf und 170 Liter Grasfangbox<\/p>\n","protected":false},"featured_media":573,"template":"","meta":[],"product_cat":[],"product_tag":[],"class_list":{"0":"post-282","1":"product","2":"type-product","3":"status-publish","4":"has-post-thumbnail","7":"first","8":"instock","9":"taxable","10":"shipping-taxable","11":"purchasable","12":"product-type-simple"},"_links":{"self":[{"href":"https:\/\/actionmall.act.at\/shop\/246\/wp-json\/wp\/v2\/product\/282"}],"collection":[{"href":"https:\/\/actionmall.act.at\/shop\/246\/wp-json\/wp\/v2\/product"}],"about":[{"href":"https:\/\/actionmall.act.at\/shop\/246\/wp-json\/wp\/v2\/types\/product"}],"wp:featuredmedia":[{"embeddable":true,"href":"https:\/\/actionmall.act.at\/shop\/246\/wp-json\/wp\/v2\/media\/573"}],"wp:attachment":[{"href":"https:\/\/actionmall.act.at\/shop\/246\/wp-json\/wp\/v2\/media?parent=282"}],"wp:term":[{"taxonomy":"product_cat","embeddable":true,"href":"https:\/\/actionmall.act.at\/shop\/246\/wp-json\/wp\/v2\/product_cat?post=282"},{"taxonomy":"product_tag","embeddable":true,"href":"https:\/\/actionmall.act.at\/shop\/246\/wp-json\/wp\/v2\/product_tag?post=282"}],"curies":[{"name":"wp","href":"https:\/\/api.w.org\/{rel}","templated":true}]}}