{"id":290,"date":"2024-11-20T08:00:28","date_gmt":"2024-11-20T07:00:28","guid":{"rendered":"https:\/\/actionmall.act.at\/shop\/246\/?post_type=product&#038;p=290"},"modified":"2026-02-13T12:23:46","modified_gmt":"2026-02-13T11:23:46","slug":"schwenkgrill-merlin","status":"publish","type":"product","link":"https:\/\/actionmall.act.at\/shop\/246\/produkt\/schwenkgrill-merlin\/","title":{"rendered":"Schwenkgrill Merlin"},"content":{"rendered":"<p>Grillfl\u00e4chenl\u00e4nge ca.: 54,5 cm<br \/>\nH\u00f6he: 74 cm<br \/>\nMaterial: Metall<\/p>\n","protected":false},"excerpt":{"rendered":"<p>Grillfl\u00e4chenl\u00e4nge ca.: 54,5 cm H\u00f6he: 74 cm Material: Metall<\/p>\n","protected":false},"featured_media":563,"template":"","meta":[],"product_cat":[],"product_tag":[],"class_list":{"0":"post-290","1":"product","2":"type-product","3":"status-publish","4":"has-post-thumbnail","7":"first","8":"instock","9":"taxable","10":"shipping-taxable","11":"purchasable","12":"product-type-simple"},"_links":{"self":[{"href":"https:\/\/actionmall.act.at\/shop\/246\/wp-json\/wp\/v2\/product\/290"}],"collection":[{"href":"https:\/\/actionmall.act.at\/shop\/246\/wp-json\/wp\/v2\/product"}],"about":[{"href":"https:\/\/actionmall.act.at\/shop\/246\/wp-json\/wp\/v2\/types\/product"}],"wp:featuredmedia":[{"embeddable":true,"href":"https:\/\/actionmall.act.at\/shop\/246\/wp-json\/wp\/v2\/media\/563"}],"wp:attachment":[{"href":"https:\/\/actionmall.act.at\/shop\/246\/wp-json\/wp\/v2\/media?parent=290"}],"wp:term":[{"taxonomy":"product_cat","embeddable":true,"href":"https:\/\/actionmall.act.at\/shop\/246\/wp-json\/wp\/v2\/product_cat?post=290"},{"taxonomy":"product_tag","embeddable":true,"href":"https:\/\/actionmall.act.at\/shop\/246\/wp-json\/wp\/v2\/product_tag?post=290"}],"curies":[{"name":"wp","href":"https:\/\/api.w.org\/{rel}","templated":true}]}}