{"id":291,"date":"2024-11-20T08:00:49","date_gmt":"2024-11-20T07:00:49","guid":{"rendered":"https:\/\/actionmall.act.at\/shop\/246\/?post_type=product&#038;p=291"},"modified":"2026-02-13T12:12:36","modified_gmt":"2026-02-13T11:12:36","slug":"juawei-p20-lite-twilight-128-gb","status":"publish","type":"product","link":"https:\/\/actionmall.act.at\/shop\/246\/produkt\/juawei-p20-lite-twilight-128-gb\/","title":{"rendered":"Juawei P20 Lite Twilight 128 GB"},"content":{"rendered":"<p>Gr\u00f6\u00dfe: 155 x 73,9 x 7,8<br \/>\nKameraaufl\u00f6sung: 40 Megapixel<br \/>\nSpeicher: 128 GB<\/p>\n","protected":false},"excerpt":{"rendered":"<p>Gr\u00f6\u00dfe: 155 x 73,9 x 7,8 Kameraaufl\u00f6sung: 40 Megapixel Speicher: 128 GB<\/p>\n","protected":false},"featured_media":553,"template":"","meta":[],"product_cat":[],"product_tag":[],"class_list":{"0":"post-291","1":"product","2":"type-product","3":"status-publish","4":"has-post-thumbnail","7":"first","8":"instock","9":"taxable","10":"shipping-taxable","11":"purchasable","12":"product-type-simple"},"_links":{"self":[{"href":"https:\/\/actionmall.act.at\/shop\/246\/wp-json\/wp\/v2\/product\/291"}],"collection":[{"href":"https:\/\/actionmall.act.at\/shop\/246\/wp-json\/wp\/v2\/product"}],"about":[{"href":"https:\/\/actionmall.act.at\/shop\/246\/wp-json\/wp\/v2\/types\/product"}],"wp:featuredmedia":[{"embeddable":true,"href":"https:\/\/actionmall.act.at\/shop\/246\/wp-json\/wp\/v2\/media\/553"}],"wp:attachment":[{"href":"https:\/\/actionmall.act.at\/shop\/246\/wp-json\/wp\/v2\/media?parent=291"}],"wp:term":[{"taxonomy":"product_cat","embeddable":true,"href":"https:\/\/actionmall.act.at\/shop\/246\/wp-json\/wp\/v2\/product_cat?post=291"},{"taxonomy":"product_tag","embeddable":true,"href":"https:\/\/actionmall.act.at\/shop\/246\/wp-json\/wp\/v2\/product_tag?post=291"}],"curies":[{"name":"wp","href":"https:\/\/api.w.org\/{rel}","templated":true}]}}