{"id":295,"date":"2024-11-20T08:00:20","date_gmt":"2024-11-20T07:00:20","guid":{"rendered":"https:\/\/actionmall.act.at\/shop\/246\/?post_type=product&#038;p=295"},"modified":"2026-02-13T12:25:37","modified_gmt":"2026-02-13T11:25:37","slug":"samsung-galaxy-note-9-dual-sim-128-gb","status":"publish","type":"product","link":"https:\/\/actionmall.act.at\/shop\/246\/produkt\/samsung-galaxy-note-9-dual-sim-128-gb\/","title":{"rendered":"Samsung Galaxy Note 9 Dual SIM 128 GB"},"content":{"rendered":"<p>Gr\u00f6\u00dfe: 161,9 x 76,4 x 8,8<br \/>\nKameraaufl\u00f6sung: 12+12 MP<br \/>\nSpeicher: 128 GB<\/p>\n","protected":false},"excerpt":{"rendered":"<p>Gr\u00f6\u00dfe: 161,9 x 76,4 x 8,8 Kameraaufl\u00f6sung: 12+12 MP Speicher: 128 GB<\/p>\n","protected":false},"featured_media":567,"template":"","meta":[],"product_cat":[],"product_tag":[],"class_list":{"0":"post-295","1":"product","2":"type-product","3":"status-publish","4":"has-post-thumbnail","7":"first","8":"instock","9":"taxable","10":"shipping-taxable","11":"purchasable","12":"product-type-simple"},"_links":{"self":[{"href":"https:\/\/actionmall.act.at\/shop\/246\/wp-json\/wp\/v2\/product\/295"}],"collection":[{"href":"https:\/\/actionmall.act.at\/shop\/246\/wp-json\/wp\/v2\/product"}],"about":[{"href":"https:\/\/actionmall.act.at\/shop\/246\/wp-json\/wp\/v2\/types\/product"}],"wp:featuredmedia":[{"embeddable":true,"href":"https:\/\/actionmall.act.at\/shop\/246\/wp-json\/wp\/v2\/media\/567"}],"wp:attachment":[{"href":"https:\/\/actionmall.act.at\/shop\/246\/wp-json\/wp\/v2\/media?parent=295"}],"wp:term":[{"taxonomy":"product_cat","embeddable":true,"href":"https:\/\/actionmall.act.at\/shop\/246\/wp-json\/wp\/v2\/product_cat?post=295"},{"taxonomy":"product_tag","embeddable":true,"href":"https:\/\/actionmall.act.at\/shop\/246\/wp-json\/wp\/v2\/product_tag?post=295"}],"curies":[{"name":"wp","href":"https:\/\/api.w.org\/{rel}","templated":true}]}}