{"id":302,"date":"2024-11-20T08:00:55","date_gmt":"2024-11-20T07:00:55","guid":{"rendered":"https:\/\/actionmall.act.at\/shop\/246\/?post_type=product&#038;p=302"},"modified":"2026-02-13T11:58:30","modified_gmt":"2026-02-13T10:58:30","slug":"samsung-qled-49q6fn","status":"publish","type":"product","link":"https:\/\/actionmall.act.at\/shop\/246\/produkt\/samsung-qled-49q6fn\/","title":{"rendered":"SAMSUNG QLED 49Q6FN"},"content":{"rendered":"<p>Bildschirmdiagonale: 123 Zoll<br \/>\nBildschirmaufl\u00f6sung: 3840 \u00d7 2160 Pixel<br \/>\nMusikleistung: 40 Watt<br \/>\nAbmessung ohne Standfu\u00df: 1091,6mm \/ 703,37mm \/ 754,9mm<\/p>\n","protected":false},"excerpt":{"rendered":"<p>Bildschirmdiagonale: 123 Zoll Bildschirmaufl\u00f6sung: 3840 \u00d7 2160 Pixel Musikleistung: 40 Watt Abmessung ohne Standfu\u00df: 1091,6mm \/ 703,37mm \/ 754,9mm<\/p>\n","protected":false},"featured_media":548,"template":"","meta":[],"product_cat":[],"product_tag":[],"class_list":{"0":"post-302","1":"product","2":"type-product","3":"status-publish","4":"has-post-thumbnail","7":"first","8":"instock","9":"taxable","10":"shipping-taxable","11":"purchasable","12":"product-type-simple"},"_links":{"self":[{"href":"https:\/\/actionmall.act.at\/shop\/246\/wp-json\/wp\/v2\/product\/302"}],"collection":[{"href":"https:\/\/actionmall.act.at\/shop\/246\/wp-json\/wp\/v2\/product"}],"about":[{"href":"https:\/\/actionmall.act.at\/shop\/246\/wp-json\/wp\/v2\/types\/product"}],"wp:featuredmedia":[{"embeddable":true,"href":"https:\/\/actionmall.act.at\/shop\/246\/wp-json\/wp\/v2\/media\/548"}],"wp:attachment":[{"href":"https:\/\/actionmall.act.at\/shop\/246\/wp-json\/wp\/v2\/media?parent=302"}],"wp:term":[{"taxonomy":"product_cat","embeddable":true,"href":"https:\/\/actionmall.act.at\/shop\/246\/wp-json\/wp\/v2\/product_cat?post=302"},{"taxonomy":"product_tag","embeddable":true,"href":"https:\/\/actionmall.act.at\/shop\/246\/wp-json\/wp\/v2\/product_tag?post=302"}],"curies":[{"name":"wp","href":"https:\/\/api.w.org\/{rel}","templated":true}]}}