{"id":399,"date":"2026-02-25T10:58:17","date_gmt":"2026-02-25T09:58:17","guid":{"rendered":"https:\/\/actionmall.act.at\/shop\/247\/?post_type=product&#038;p=399"},"modified":"2026-02-25T10:58:17","modified_gmt":"2026-02-25T09:58:17","slug":"festlicher-vogel-anhaenger","status":"publish","type":"product","link":"https:\/\/actionmall.act.at\/shop\/247\/en\/produkt\/festlicher-vogel-anhaenger\/","title":{"rendered":"Festlicher Vogel-Anh\u00e4nger"},"content":{"rendered":"<p>Stylischer Vogel-Anh\u00e4nger f\u00fcr jeden zu haben<\/p>\n","protected":false},"excerpt":{"rendered":"<p>Stylischer Vogel-Anh\u00e4nger f\u00fcr jeden zu haben<\/p>\n","protected":false},"featured_media":400,"template":"","meta":[],"product_cat":[43],"product_tag":[],"class_list":{"0":"post-399","1":"product","2":"type-product","3":"status-publish","4":"has-post-thumbnail","6":"product_cat-unterhaltung-freizeit-und-kultur","8":"first","9":"instock","10":"taxable","11":"shipping-taxable","12":"purchasable","13":"product-type-simple"},"_links":{"self":[{"href":"https:\/\/actionmall.act.at\/shop\/247\/en\/wp-json\/wp\/v2\/product\/399"}],"collection":[{"href":"https:\/\/actionmall.act.at\/shop\/247\/en\/wp-json\/wp\/v2\/product"}],"about":[{"href":"https:\/\/actionmall.act.at\/shop\/247\/en\/wp-json\/wp\/v2\/types\/product"}],"wp:featuredmedia":[{"embeddable":true,"href":"https:\/\/actionmall.act.at\/shop\/247\/en\/wp-json\/wp\/v2\/media\/400"}],"wp:attachment":[{"href":"https:\/\/actionmall.act.at\/shop\/247\/en\/wp-json\/wp\/v2\/media?parent=399"}],"wp:term":[{"taxonomy":"product_cat","embeddable":true,"href":"https:\/\/actionmall.act.at\/shop\/247\/en\/wp-json\/wp\/v2\/product_cat?post=399"},{"taxonomy":"product_tag","embeddable":true,"href":"https:\/\/actionmall.act.at\/shop\/247\/en\/wp-json\/wp\/v2\/product_tag?post=399"}],"curies":[{"name":"wp","href":"https:\/\/api.w.org\/{rel}","templated":true}]}}