{"id":416,"date":"2026-03-18T11:05:19","date_gmt":"2026-03-18T10:05:19","guid":{"rendered":"https:\/\/actionmall.act.at\/shop\/247\/?post_type=product&#038;p=416"},"modified":"2026-03-18T11:05:19","modified_gmt":"2026-03-18T10:05:19","slug":"hundemagnet","status":"publish","type":"product","link":"https:\/\/actionmall.act.at\/shop\/247\/en\/produkt\/hundemagnet\/","title":{"rendered":"Hundemagnet"},"content":{"rendered":"<p>Niedlicher Hundemagnet \u2013 s\u00fc\u00dfer Blickfang f\u00fcr<br \/>\nK\u00fchlschrank &#038; Co.<\/p>\n","protected":false},"excerpt":{"rendered":"<p>Niedlicher Hundemagnet \u2013 s\u00fc\u00dfer Blickfang f\u00fcr K\u00fchlschrank &#038; Co.<\/p>\n","protected":false},"featured_media":420,"template":"","meta":[],"product_cat":[43],"product_tag":[],"class_list":{"0":"post-416","1":"product","2":"type-product","3":"status-publish","4":"has-post-thumbnail","6":"product_cat-unterhaltung-freizeit-und-kultur","8":"first","9":"instock","10":"taxable","11":"shipping-taxable","12":"purchasable","13":"product-type-simple"},"_links":{"self":[{"href":"https:\/\/actionmall.act.at\/shop\/247\/en\/wp-json\/wp\/v2\/product\/416"}],"collection":[{"href":"https:\/\/actionmall.act.at\/shop\/247\/en\/wp-json\/wp\/v2\/product"}],"about":[{"href":"https:\/\/actionmall.act.at\/shop\/247\/en\/wp-json\/wp\/v2\/types\/product"}],"wp:featuredmedia":[{"embeddable":true,"href":"https:\/\/actionmall.act.at\/shop\/247\/en\/wp-json\/wp\/v2\/media\/420"}],"wp:attachment":[{"href":"https:\/\/actionmall.act.at\/shop\/247\/en\/wp-json\/wp\/v2\/media?parent=416"}],"wp:term":[{"taxonomy":"product_cat","embeddable":true,"href":"https:\/\/actionmall.act.at\/shop\/247\/en\/wp-json\/wp\/v2\/product_cat?post=416"},{"taxonomy":"product_tag","embeddable":true,"href":"https:\/\/actionmall.act.at\/shop\/247\/en\/wp-json\/wp\/v2\/product_tag?post=416"}],"curies":[{"name":"wp","href":"https:\/\/api.w.org\/{rel}","templated":true}]}}