{"id":438,"date":"2026-03-25T10:30:50","date_gmt":"2026-03-25T09:30:50","guid":{"rendered":"https:\/\/actionmall.act.at\/shop\/247\/?post_type=product&#038;p=438"},"modified":"2026-03-25T10:41:12","modified_gmt":"2026-03-25T09:41:12","slug":"ac03-03","status":"publish","type":"product","link":"https:\/\/actionmall.act.at\/shop\/247\/produkt\/ac03-03\/","title":{"rendered":"Spring Awakening &#8211; Unisex-Parf\u00fcm"},"content":{"rendered":"","protected":false},"excerpt":{"rendered":"<p>Ein Unisex-Parf\u00fcm mit einem frischen, fr\u00fchlingshaften Duft, der Leichtigkeit und nat\u00fcrliche Eleganz vereint.<\/p>\n","protected":false},"featured_media":439,"template":"","meta":[],"product_cat":[35,43,45],"product_tag":[],"class_list":{"0":"post-438","1":"product","2":"type-product","3":"status-publish","4":"has-post-thumbnail","6":"product_cat-bekleidung-und-zubehoer","7":"product_cat-unterhaltung-freizeit-und-kultur","8":"product_cat-sport-veranstaltungen-hobbies","10":"first","11":"instock","12":"taxable","13":"shipping-taxable","14":"purchasable","15":"product-type-simple"},"_links":{"self":[{"href":"https:\/\/actionmall.act.at\/shop\/247\/wp-json\/wp\/v2\/product\/438"}],"collection":[{"href":"https:\/\/actionmall.act.at\/shop\/247\/wp-json\/wp\/v2\/product"}],"about":[{"href":"https:\/\/actionmall.act.at\/shop\/247\/wp-json\/wp\/v2\/types\/product"}],"wp:featuredmedia":[{"embeddable":true,"href":"https:\/\/actionmall.act.at\/shop\/247\/wp-json\/wp\/v2\/media\/439"}],"wp:attachment":[{"href":"https:\/\/actionmall.act.at\/shop\/247\/wp-json\/wp\/v2\/media?parent=438"}],"wp:term":[{"taxonomy":"product_cat","embeddable":true,"href":"https:\/\/actionmall.act.at\/shop\/247\/wp-json\/wp\/v2\/product_cat?post=438"},{"taxonomy":"product_tag","embeddable":true,"href":"https:\/\/actionmall.act.at\/shop\/247\/wp-json\/wp\/v2\/product_tag?post=438"}],"curies":[{"name":"wp","href":"https:\/\/api.w.org\/{rel}","templated":true}]}}