{"id":256,"date":"2025-10-03T12:48:41","date_gmt":"2025-10-03T10:48:41","guid":{"rendered":"https:\/\/actionmall.act.at\/shop\/2483\/?post_type=product&#038;p=256"},"modified":"2026-01-30T12:10:45","modified_gmt":"2026-01-30T11:10:45","slug":"der-lehrer","status":"publish","type":"product","link":"https:\/\/actionmall.act.at\/shop\/2483\/produkt\/der-lehrer\/","title":{"rendered":"Der Lehrer"},"content":{"rendered":"<blockquote><p>Eigentlich hat Eve Bennett ein gutes Leben. Sie ist Mathelehrerin an der \u00f6rtlichen Highschool und verheiratet mit Nate, der dort Englisch unterrichtet. Doch letztes Jahr wurde die Schule von einem Skandal ersch\u00fcttert, in dessen Zentrum eine Sch\u00fclerin stand. Und dieses Jahr ist diese Sch\u00fclerin in Eves Klasse. Addie kann man nicht trauen, sie l\u00fcgt und verletzt Menschen. Aber niemand kennt die wahre Addie. Niemand kennt das Geheimnis, das sie zerst\u00f6ren k\u00f6nnte. Und Addie w\u00fcrde alles daf\u00fcr tun, dass es so bleibt. Ihr einziger Lichtblick in diesem Schuljahr: ihr neuer Englischlehrer Nate Bennett.<\/p><\/blockquote>\n","protected":false},"excerpt":{"rendered":"<p><strong>Erscheinungsdatum<\/strong>: 13. August 2025<br \/>\n<strong>Einband<\/strong>: Taschenbuch<br \/>\n<strong>Seitenanzahl<\/strong>:\u00a0 400<br \/>\n<strong>Verlag<\/strong>: Heyne<br \/>\n<strong>Ma\u00dfe<\/strong>:\u00a0 13.7 x 3.3 x 22.8 cm<br \/>\n<strong>Autor <\/strong>Friede Mcfadden<\/p>\n","protected":false},"featured_media":257,"template":"","meta":[],"product_cat":[],"product_tag":[],"class_list":{"0":"post-256","1":"product","2":"type-product","3":"status-publish","4":"has-post-thumbnail","7":"first","8":"instock","9":"taxable","10":"shipping-taxable","11":"purchasable","12":"product-type-simple"},"_links":{"self":[{"href":"https:\/\/actionmall.act.at\/shop\/2483\/wp-json\/wp\/v2\/product\/256"}],"collection":[{"href":"https:\/\/actionmall.act.at\/shop\/2483\/wp-json\/wp\/v2\/product"}],"about":[{"href":"https:\/\/actionmall.act.at\/shop\/2483\/wp-json\/wp\/v2\/types\/product"}],"wp:featuredmedia":[{"embeddable":true,"href":"https:\/\/actionmall.act.at\/shop\/2483\/wp-json\/wp\/v2\/media\/257"}],"wp:attachment":[{"href":"https:\/\/actionmall.act.at\/shop\/2483\/wp-json\/wp\/v2\/media?parent=256"}],"wp:term":[{"taxonomy":"product_cat","embeddable":true,"href":"https:\/\/actionmall.act.at\/shop\/2483\/wp-json\/wp\/v2\/product_cat?post=256"},{"taxonomy":"product_tag","embeddable":true,"href":"https:\/\/actionmall.act.at\/shop\/2483\/wp-json\/wp\/v2\/product_tag?post=256"}],"curies":[{"name":"wp","href":"https:\/\/api.w.org\/{rel}","templated":true}]}}