{"id":261,"date":"2025-10-10T11:33:18","date_gmt":"2025-10-10T09:33:18","guid":{"rendered":"https:\/\/actionmall.act.at\/shop\/2483\/?post_type=product&#038;p=261"},"modified":"2026-01-30T12:43:40","modified_gmt":"2026-01-30T11:43:40","slug":"cristiano-ronaldo","status":"publish","type":"product","link":"https:\/\/actionmall.act.at\/shop\/2483\/produkt\/cristiano-ronaldo\/","title":{"rendered":"Cristiano Ronaldo"},"content":{"rendered":"<blockquote><p>Dies ist die Geschichte eines der besten Fu\u00dfballer aller Zeiten und dem gr\u00f6\u00dften Superstar der letzten Jahre. 1985 auf Madeira geboren, blickt Cristiano Ronaldo auf eine einmalige Weltkarriere mit zahlreichen&#8230;<\/p><\/blockquote>\n","protected":false},"excerpt":{"rendered":"<p><strong>Erscheinungsdatum: <\/strong>04.05.2024<br \/>\n<strong>Einband: <\/strong>Gebundene Aussage<br \/>\n<strong>Seitenanzahl: <\/strong>464<br \/>\n<strong>Verlag<\/strong>: Edel Sports<br \/>\n<strong>Ma\u00dfe: <\/strong>21,5\/14,4\/4,2 cm<br \/>\n<strong>Autor: <\/strong>Guillem Balagu\u00e9<\/p>\n","protected":false},"featured_media":262,"template":"","meta":[],"product_cat":[],"product_tag":[],"class_list":{"0":"post-261","1":"product","2":"type-product","3":"status-publish","4":"has-post-thumbnail","7":"first","8":"instock","9":"taxable","10":"shipping-taxable","11":"purchasable","12":"product-type-simple"},"_links":{"self":[{"href":"https:\/\/actionmall.act.at\/shop\/2483\/wp-json\/wp\/v2\/product\/261"}],"collection":[{"href":"https:\/\/actionmall.act.at\/shop\/2483\/wp-json\/wp\/v2\/product"}],"about":[{"href":"https:\/\/actionmall.act.at\/shop\/2483\/wp-json\/wp\/v2\/types\/product"}],"wp:featuredmedia":[{"embeddable":true,"href":"https:\/\/actionmall.act.at\/shop\/2483\/wp-json\/wp\/v2\/media\/262"}],"wp:attachment":[{"href":"https:\/\/actionmall.act.at\/shop\/2483\/wp-json\/wp\/v2\/media?parent=261"}],"wp:term":[{"taxonomy":"product_cat","embeddable":true,"href":"https:\/\/actionmall.act.at\/shop\/2483\/wp-json\/wp\/v2\/product_cat?post=261"},{"taxonomy":"product_tag","embeddable":true,"href":"https:\/\/actionmall.act.at\/shop\/2483\/wp-json\/wp\/v2\/product_tag?post=261"}],"curies":[{"name":"wp","href":"https:\/\/api.w.org\/{rel}","templated":true}]}}