{"id":267,"date":"2025-10-10T11:57:29","date_gmt":"2025-10-10T09:57:29","guid":{"rendered":"https:\/\/actionmall.act.at\/shop\/2483\/?post_type=product&#038;p=267"},"modified":"2026-01-30T12:49:18","modified_gmt":"2026-01-30T11:49:18","slug":"die-brueder-karamasow","status":"publish","type":"product","link":"https:\/\/actionmall.act.at\/shop\/2483\/produkt\/die-brueder-karamasow\/","title":{"rendered":"Die Br\u00fcder Karamasow"},"content":{"rendered":"<blockquote><p>Die Br\u00fcder Karamasow\u201c von Fjodor Dostojewski erz\u00e4hlt die Geschichte der Br\u00fcder Dmitri, Iwan und Alexej Karamasow, die sich um ihren chaotischen Vater Fjodor streiten. Der Mord an ihrem Vater f\u00fchrt zu einem dramatischen Konflikt, der zentrale Themen wie Glauben, Moral, den freien Willen und das menschliche Leid behandelt. Jeder Bruder verk\u00f6rpert unterschiedliche Lebensanschauungen, was den Roman zu einer tiefgr\u00fcndigen Auseinandersetzung mit der menschlichen Natur und den existenziellen Fragen des Lebens macht.<\/p><\/blockquote>\n<p>&nbsp;<\/p>\n","protected":false},"excerpt":{"rendered":"<p><strong>Erscheinungsdatum:<\/strong> 20.09.2021<br \/>\n<strong>Einband<\/strong>: Taschenbuch<br \/>\n<strong>Seitenanzahl<\/strong>: 12oo<br \/>\n<strong>Verlag<\/strong>: Aufbau TB<br \/>\n<strong>Ma\u00dfe<\/strong>: 18,8\/11,2\/5,3 cm<br \/>\n<strong>Autor<\/strong>: Fjodor Dostojewski<\/p>\n","protected":false},"featured_media":268,"template":"","meta":[],"product_cat":[],"product_tag":[],"class_list":{"0":"post-267","1":"product","2":"type-product","3":"status-publish","4":"has-post-thumbnail","7":"first","8":"instock","9":"taxable","10":"shipping-taxable","11":"purchasable","12":"product-type-simple"},"_links":{"self":[{"href":"https:\/\/actionmall.act.at\/shop\/2483\/wp-json\/wp\/v2\/product\/267"}],"collection":[{"href":"https:\/\/actionmall.act.at\/shop\/2483\/wp-json\/wp\/v2\/product"}],"about":[{"href":"https:\/\/actionmall.act.at\/shop\/2483\/wp-json\/wp\/v2\/types\/product"}],"wp:featuredmedia":[{"embeddable":true,"href":"https:\/\/actionmall.act.at\/shop\/2483\/wp-json\/wp\/v2\/media\/268"}],"wp:attachment":[{"href":"https:\/\/actionmall.act.at\/shop\/2483\/wp-json\/wp\/v2\/media?parent=267"}],"wp:term":[{"taxonomy":"product_cat","embeddable":true,"href":"https:\/\/actionmall.act.at\/shop\/2483\/wp-json\/wp\/v2\/product_cat?post=267"},{"taxonomy":"product_tag","embeddable":true,"href":"https:\/\/actionmall.act.at\/shop\/2483\/wp-json\/wp\/v2\/product_tag?post=267"}],"curies":[{"name":"wp","href":"https:\/\/api.w.org\/{rel}","templated":true}]}}