{"id":269,"date":"2025-10-10T12:01:13","date_gmt":"2025-10-10T10:01:13","guid":{"rendered":"https:\/\/actionmall.act.at\/shop\/2483\/?post_type=product&#038;p=269"},"modified":"2026-01-30T12:50:19","modified_gmt":"2026-01-30T11:50:19","slug":"mongolei","status":"publish","type":"product","link":"https:\/\/actionmall.act.at\/shop\/2483\/produkt\/mongolei\/","title":{"rendered":"Mongolei"},"content":{"rendered":"<blockquote><p>Die Mongolei, ein Land mit \u00fcberw\u00e4ltigender Natur, ein Land zwischen Tradition und Fortschritt. In au\u00dfergew\u00f6hnlichen Fotografien und kenntnisreichen Texten von Olaf Schubert f\u00e4ngt dieser Bildband die Faszination seiner Menschen, Kultur und Landschaften&#8230;<\/p><\/blockquote>\n","protected":false},"excerpt":{"rendered":"<p><strong>Erscheinungsdatum<\/strong>: 15.12.2023<br \/>\n<strong>Einband<\/strong>: Gebunde Ausgabe<br \/>\n<strong>Seitenanzahl<\/strong>: 144<br \/>\n<strong>Verlag<\/strong>: Kahl Verlag<br \/>\n<strong>Ma\u00dfe<\/strong>: 28,2\/24,7\/1,8 cm<br \/>\n<strong>Autor<\/strong>: Olaf Schubert<\/p>\n","protected":false},"featured_media":270,"template":"","meta":[],"product_cat":[],"product_tag":[],"class_list":{"0":"post-269","1":"product","2":"type-product","3":"status-publish","4":"has-post-thumbnail","7":"first","8":"instock","9":"taxable","10":"shipping-taxable","11":"purchasable","12":"product-type-simple"},"_links":{"self":[{"href":"https:\/\/actionmall.act.at\/shop\/2483\/wp-json\/wp\/v2\/product\/269"}],"collection":[{"href":"https:\/\/actionmall.act.at\/shop\/2483\/wp-json\/wp\/v2\/product"}],"about":[{"href":"https:\/\/actionmall.act.at\/shop\/2483\/wp-json\/wp\/v2\/types\/product"}],"wp:featuredmedia":[{"embeddable":true,"href":"https:\/\/actionmall.act.at\/shop\/2483\/wp-json\/wp\/v2\/media\/270"}],"wp:attachment":[{"href":"https:\/\/actionmall.act.at\/shop\/2483\/wp-json\/wp\/v2\/media?parent=269"}],"wp:term":[{"taxonomy":"product_cat","embeddable":true,"href":"https:\/\/actionmall.act.at\/shop\/2483\/wp-json\/wp\/v2\/product_cat?post=269"},{"taxonomy":"product_tag","embeddable":true,"href":"https:\/\/actionmall.act.at\/shop\/2483\/wp-json\/wp\/v2\/product_tag?post=269"}],"curies":[{"name":"wp","href":"https:\/\/api.w.org\/{rel}","templated":true}]}}