{"id":271,"date":"2025-10-10T12:04:05","date_gmt":"2025-10-10T10:04:05","guid":{"rendered":"https:\/\/actionmall.act.at\/shop\/2483\/?post_type=product&#038;p=271"},"modified":"2026-01-30T12:51:31","modified_gmt":"2026-01-30T11:51:31","slug":"it-ends-with-us","status":"publish","type":"product","link":"https:\/\/actionmall.act.at\/shop\/2483\/produkt\/it-ends-with-us\/","title":{"rendered":"It Ends With Us"},"content":{"rendered":"<blockquote><p>It Ends with Us von Colleen Hoover erz\u00e4hlt die Geschichte von Lily Bloom, die sich in zwei sehr unterschiedliche M\u00e4nner verliebt: den charmanten Ryle Kincaid und ihren ersten gro\u00dfen Liebhaber, Atlas Corrigan. Der Roman beleuchtet die Herausforderungen einer toxischen Beziehung und die schwierige Entscheidung, sich von Missbrauch zu befreien, um f\u00fcr sich selbst einzutreten. Ein bewegendes Buch \u00fcber Liebe, Schmerz und Selbstbestimmung.<\/p><\/blockquote>\n","protected":false},"excerpt":{"rendered":"<p><strong>Erscheinungsdatum<\/strong>: 02.08.2016<br \/>\n<strong>Einband<\/strong>: Taschenbuch<br \/>\n<strong>Seitenanzahl<\/strong>:<br \/>\n<strong>Verlag<\/strong>: Simon &#038; Schuster<br \/>\n<strong>Ma\u00dfe<\/strong>: 19,6\/12,9\/2,8 cm<br \/>\n<strong>Autor<\/strong>: Colleen Hoover<\/p>\n","protected":false},"featured_media":272,"template":"","meta":[],"product_cat":[],"product_tag":[],"class_list":{"0":"post-271","1":"product","2":"type-product","3":"status-publish","4":"has-post-thumbnail","7":"first","8":"instock","9":"taxable","10":"shipping-taxable","11":"purchasable","12":"product-type-simple"},"_links":{"self":[{"href":"https:\/\/actionmall.act.at\/shop\/2483\/wp-json\/wp\/v2\/product\/271"}],"collection":[{"href":"https:\/\/actionmall.act.at\/shop\/2483\/wp-json\/wp\/v2\/product"}],"about":[{"href":"https:\/\/actionmall.act.at\/shop\/2483\/wp-json\/wp\/v2\/types\/product"}],"wp:featuredmedia":[{"embeddable":true,"href":"https:\/\/actionmall.act.at\/shop\/2483\/wp-json\/wp\/v2\/media\/272"}],"wp:attachment":[{"href":"https:\/\/actionmall.act.at\/shop\/2483\/wp-json\/wp\/v2\/media?parent=271"}],"wp:term":[{"taxonomy":"product_cat","embeddable":true,"href":"https:\/\/actionmall.act.at\/shop\/2483\/wp-json\/wp\/v2\/product_cat?post=271"},{"taxonomy":"product_tag","embeddable":true,"href":"https:\/\/actionmall.act.at\/shop\/2483\/wp-json\/wp\/v2\/product_tag?post=271"}],"curies":[{"name":"wp","href":"https:\/\/api.w.org\/{rel}","templated":true}]}}