{"id":279,"date":"2025-11-07T12:39:18","date_gmt":"2025-11-07T11:39:18","guid":{"rendered":"https:\/\/actionmall.act.at\/shop\/2483\/?post_type=product&#038;p=279"},"modified":"2026-02-04T10:40:47","modified_gmt":"2026-02-04T09:40:47","slug":"kuenstliche-intelligenz-in-wirtschaft-gesellschaft","status":"publish","type":"product","link":"https:\/\/actionmall.act.at\/shop\/2483\/produkt\/kuenstliche-intelligenz-in-wirtschaft-gesellschaft\/","title":{"rendered":"K\u00fcnstliche Intelligenz in Wirtschaft &#038; Gesellschaft"},"content":{"rendered":"<p>&nbsp;<\/p>\n<blockquote><p>Dieses Buch besch\u00e4ftigt sich damit, wie k\u00fcnstliche Intelligenz die Zusammenarbeit von Menschen und Maschinen ver\u00e4ndern wird, wie diese Ver\u00e4nderungen gestaltet werden k\u00f6nnen und welche Auswirkungen auf Wirtschaft und Gesellschaft\u00a0 zu erwarten sind&#8230;.<\/p><\/blockquote>\n","protected":false},"excerpt":{"rendered":"<p>Erscheinungsdatum: 16.10.2020<br \/>\nKosten: \u20ac 51,90 (E-Book: \u20ac 41,11)<br \/>\nEinband: Taschenbuch<br \/>\nSeitenzahl: 644<br \/>\nVerlag: Springer Fachmedien Wiesbaden GmbH<br \/>\nMa\u00dfe (L\/B\/H): 24\/16,8\/3,6 cm<br \/>\nAutor: R\u00fcdiger Buchkremer, Thomas Heupel, Oliver Koch<br \/>\nSprache: Deutsch<\/p>\n","protected":false},"featured_media":282,"template":"","meta":[],"product_cat":[],"product_tag":[],"class_list":{"0":"post-279","1":"product","2":"type-product","3":"status-publish","4":"has-post-thumbnail","7":"first","8":"instock","9":"taxable","10":"shipping-taxable","11":"purchasable","12":"product-type-simple"},"_links":{"self":[{"href":"https:\/\/actionmall.act.at\/shop\/2483\/wp-json\/wp\/v2\/product\/279"}],"collection":[{"href":"https:\/\/actionmall.act.at\/shop\/2483\/wp-json\/wp\/v2\/product"}],"about":[{"href":"https:\/\/actionmall.act.at\/shop\/2483\/wp-json\/wp\/v2\/types\/product"}],"wp:featuredmedia":[{"embeddable":true,"href":"https:\/\/actionmall.act.at\/shop\/2483\/wp-json\/wp\/v2\/media\/282"}],"wp:attachment":[{"href":"https:\/\/actionmall.act.at\/shop\/2483\/wp-json\/wp\/v2\/media?parent=279"}],"wp:term":[{"taxonomy":"product_cat","embeddable":true,"href":"https:\/\/actionmall.act.at\/shop\/2483\/wp-json\/wp\/v2\/product_cat?post=279"},{"taxonomy":"product_tag","embeddable":true,"href":"https:\/\/actionmall.act.at\/shop\/2483\/wp-json\/wp\/v2\/product_tag?post=279"}],"curies":[{"name":"wp","href":"https:\/\/api.w.org\/{rel}","templated":true}]}}