{"id":283,"date":"2026-02-04T10:50:25","date_gmt":"2026-02-04T09:50:25","guid":{"rendered":"https:\/\/actionmall.act.at\/shop\/2483\/?post_type=product&#038;p=283"},"modified":"2026-02-04T10:50:25","modified_gmt":"2026-02-04T09:50:25","slug":"mario-und-der-zauberer","status":"publish","type":"product","link":"https:\/\/actionmall.act.at\/shop\/2483\/produkt\/mario-und-der-zauberer\/","title":{"rendered":"Mario und der Zauberer"},"content":{"rendered":"<blockquote><p>Gereiztheit, eigent\u00fcmlich B\u00f6sartiges bestimmte von vornherein die Atmosph\u00e4re bei diesem Ferienaufent-halt in Norditalien, Mitte der zwanziger Jahre; \u00bbdiese Leute &#8230; machten soeben etwas durch, so einen Zustand, etwas wie eine Krankheit &#8230;, nicht sehr&#8230;<\/p><\/blockquote>\n","protected":false},"excerpt":{"rendered":"<p>Erscheinungsdatum: 01.04.1989<br \/>\nKosten: \u20ac 12,00 \/ \u20ac 25,50<br \/>\nEinband:<br \/>\nTaschenbuch\/Gebundenes Buch<br \/>\nSeitenzahl: 112<br \/>\nVerlag: Fischer Taschenbuch Verlag<br \/>\nMa\u00dfe (L\/B\/H): 19,2\/12,1\/1,2 cm<br \/>\nAutor: Thomas Mann<br \/>\nSprache: Deutsch<\/p>\n","protected":false},"featured_media":284,"template":"","meta":[],"product_cat":[],"product_tag":[],"class_list":{"0":"post-283","1":"product","2":"type-product","3":"status-publish","4":"has-post-thumbnail","7":"first","8":"instock","9":"taxable","10":"shipping-taxable","11":"purchasable","12":"product-type-simple"},"_links":{"self":[{"href":"https:\/\/actionmall.act.at\/shop\/2483\/wp-json\/wp\/v2\/product\/283"}],"collection":[{"href":"https:\/\/actionmall.act.at\/shop\/2483\/wp-json\/wp\/v2\/product"}],"about":[{"href":"https:\/\/actionmall.act.at\/shop\/2483\/wp-json\/wp\/v2\/types\/product"}],"wp:featuredmedia":[{"embeddable":true,"href":"https:\/\/actionmall.act.at\/shop\/2483\/wp-json\/wp\/v2\/media\/284"}],"wp:attachment":[{"href":"https:\/\/actionmall.act.at\/shop\/2483\/wp-json\/wp\/v2\/media?parent=283"}],"wp:term":[{"taxonomy":"product_cat","embeddable":true,"href":"https:\/\/actionmall.act.at\/shop\/2483\/wp-json\/wp\/v2\/product_cat?post=283"},{"taxonomy":"product_tag","embeddable":true,"href":"https:\/\/actionmall.act.at\/shop\/2483\/wp-json\/wp\/v2\/product_tag?post=283"}],"curies":[{"name":"wp","href":"https:\/\/api.w.org\/{rel}","templated":true}]}}