{"id":301,"date":"2025-11-26T10:37:17","date_gmt":"2025-11-26T09:37:17","guid":{"rendered":"https:\/\/actionmall.act.at\/shop\/2483\/?post_type=product&#038;p=301"},"modified":"2026-02-18T10:24:58","modified_gmt":"2026-02-18T09:24:58","slug":"frau-komachi-empfiehlt-ein-buch","status":"publish","type":"product","link":"https:\/\/actionmall.act.at\/shop\/2483\/produkt\/frau-komachi-empfiehlt-ein-buch\/","title":{"rendered":"Frau Komachi empfiehlt ein Buch"},"content":{"rendered":"<section class=\"artikeldetail\">\n<blockquote>\n<h3><strong>Der Bestseller aus Japan: eine Bibliothekarin, die verborgene W\u00fcnsche erkennt. Lekt\u00fcre, die Leben ver\u00e4ndert. Ein Buch, das gro\u00dfes Lesegl\u00fcck beschert.<\/strong><\/h3>\n<\/blockquote>\n<\/section>\n","protected":false},"excerpt":{"rendered":"<section class=\"artikeldetail\">\n<h3 class=\"element-text-standard-strong detailbezeichnung\">Verkaufsrang<\/h3>\n<p class=\"element-text-standard single-value\">2959<\/p>\n<\/section>\n<section class=\"artikeldetail\">\n<h3 class=\"element-text-standard-strong detailbezeichnung\">Einband<\/h3>\n<p class=\"element-text-standard single-value\">Gebundene Ausgabe<\/p>\n<\/section>\n<section class=\"artikeldetail\">\n<h3 class=\"element-text-standard-strong detailbezeichnung\">Erscheinungsdatum<\/h3>\n<p class=\"element-text-standard single-value\">18.07.2023<\/p>\n<\/section>\n<section class=\"artikeldetail\">\n<h3 class=\"element-text-standard-strong detailbezeichnung\">Verlag<\/h3>\n<p><a class=\"element-link-standard\" href=\"https:\/\/www.thalia.at\/shop\/home\/mehr-von-suche\/ANY\/sv\/suche.html?mehrVon=Rowohlt%20Kindler\">Rowohlt Kindler<\/a><\/p>\n<\/section>\n<section class=\"artikeldetail\">\n<h3 class=\"element-text-standard-strong detailbezeichnung\">Seitenzahl<\/h3>\n<p class=\"element-text-standard single-value\">288<\/p>\n<\/section>\n<section class=\"artikeldetail\">\n<h3 class=\"element-text-standard-strong detailbezeichnung\">Ma\u00dfe (L\/B\/H)<\/h3>\n<p class=\"element-text-standard single-value\">13,1\/20,5\/2,3 cm<\/p>\n<\/section>\n<section class=\"artikeldetail\">\n<h3 class=\"element-text-standard-strong detailbezeichnung\">Gewicht<\/h3>\n<p class=\"element-text-standard single-value\">360 g<\/p>\n<\/section>\n<section class=\"artikeldetail\">\n<h3 class=\"element-text-standard-strong detailbezeichnung\">Farbe<\/h3>\n<p class=\"element-text-standard single-value\">Grau \/ Grau<\/p>\n<\/section>\n<section class=\"artikeldetail\">\n<h3 class=\"element-text-standard-strong detailbezeichnung\">Auflage<\/h3>\n<p class=\"element-text-standard single-value\">11. Auflage<\/p>\n<\/section>\n<section class=\"artikeldetail\">\n<h3 class=\"element-text-standard-strong detailbezeichnung\">Originaltitel<\/h3>\n<p><a class=\"element-link-standard\" href=\"https:\/\/www.thalia.at\/shop\/home\/mehr-von-suche\/ANY\/st\/suche.html?mehrVon=Osagashimono%20wa%20toshoshitsu%20made\">Osagashimono wa toshoshitsu made<\/a><\/p>\n<\/section>\n<section class=\"artikeldetail\">\n<h3 class=\"element-text-standard-strong detailbezeichnung\">\u00dcbersetzt von<\/h3>\n<p class=\"element-text-standard single-value\">Sabine Mangold<\/p>\n<\/section>\n<section class=\"artikeldetail\">\n<h3 class=\"element-text-standard-strong detailbezeichnung\">Sprache<\/h3>\n<p class=\"element-text-standard single-value\">Deutsch<\/p>\n<\/section>\n<section class=\"artikeldetail\">\n<h3 class=\"element-text-standard-strong detailbezeichnung\">ISBN<\/h3>\n<p class=\"element-text-standard single-value\">978-3-463-00040-4<\/p>\n<\/section>\n<section class=\"artikeldetail herstelleradresse\">\n<h3 class=\"element-text-standard-strong detailbezeichnung\">Herstelleradresse<\/h3>\n<div class=\"element-text-standard single-value\">Kindler Verlag<br \/>\nKirchenallee 19<br \/>\n20099 Hamburg<br \/>\nDEEmail: produktsicherheit@rowohlt.de<\/div>\n<\/section>\n","protected":false},"featured_media":302,"template":"","meta":[],"product_cat":[],"product_tag":[],"class_list":{"0":"post-301","1":"product","2":"type-product","3":"status-publish","4":"has-post-thumbnail","7":"first","8":"instock","9":"taxable","10":"shipping-taxable","11":"purchasable","12":"product-type-simple"},"_links":{"self":[{"href":"https:\/\/actionmall.act.at\/shop\/2483\/wp-json\/wp\/v2\/product\/301"}],"collection":[{"href":"https:\/\/actionmall.act.at\/shop\/2483\/wp-json\/wp\/v2\/product"}],"about":[{"href":"https:\/\/actionmall.act.at\/shop\/2483\/wp-json\/wp\/v2\/types\/product"}],"wp:featuredmedia":[{"embeddable":true,"href":"https:\/\/actionmall.act.at\/shop\/2483\/wp-json\/wp\/v2\/media\/302"}],"wp:attachment":[{"href":"https:\/\/actionmall.act.at\/shop\/2483\/wp-json\/wp\/v2\/media?parent=301"}],"wp:term":[{"taxonomy":"product_cat","embeddable":true,"href":"https:\/\/actionmall.act.at\/shop\/2483\/wp-json\/wp\/v2\/product_cat?post=301"},{"taxonomy":"product_tag","embeddable":true,"href":"https:\/\/actionmall.act.at\/shop\/2483\/wp-json\/wp\/v2\/product_tag?post=301"}],"curies":[{"name":"wp","href":"https:\/\/api.w.org\/{rel}","templated":true}]}}