{"id":335,"date":"2025-11-28T12:25:47","date_gmt":"2025-11-28T11:25:47","guid":{"rendered":"https:\/\/actionmall.act.at\/shop\/2483\/?post_type=product&#038;p=335"},"modified":"2025-11-28T12:25:47","modified_gmt":"2025-11-28T11:25:47","slug":"das-reisebuch-japan","status":"publish","type":"product","link":"https:\/\/actionmall.act.at\/shop\/2483\/produkt\/das-reisebuch-japan\/","title":{"rendered":"Das Reisebuch Japan"},"content":{"rendered":"<section class=\"artikeldetail\">\n<h3 class=\"element-text-standard-strong detailbezeichnung\">Erscheinungsdatum<\/h3>\n<p class=\"element-text-standard single-value\">28.11.2024<\/p>\n<\/section>\n<section class=\"artikeldetail\">\n<h3 class=\"element-text-standard-strong detailbezeichnung\">Verlag<\/h3>\n<p><a class=\"element-link-standard\" href=\"https:\/\/www.thalia.at\/shop\/home\/mehr-von-suche\/ANY\/sv\/suche.html?mehrVon=Bruckmann%20Verlag\">Bruckmann Verlag<\/a><\/p>\n<\/section>\n<section class=\"artikeldetail\">\n<h3 class=\"element-text-standard-strong detailbezeichnung\">Seitenzahl<\/h3>\n<p class=\"element-text-standard single-value\">288 (Printausgabe)<\/p>\n<\/section>\n<section class=\"artikeldetail\">\n<h3 class=\"element-text-standard-strong detailbezeichnung\">Dateigr\u00f6\u00dfe<\/h3>\n<p class=\"element-text-standard single-value\">103440 KB<\/p>\n<\/section>\n<section class=\"artikeldetail\">\n<h3 class=\"element-text-standard-strong detailbezeichnung\">Sprache<\/h3>\n<p class=\"element-text-standard single-value\">Deutsch<\/p>\n<\/section>\n<section class=\"artikeldetail\">\n<h3 class=\"element-text-standard-strong detailbezeichnung\">EAN<\/h3>\n<p class=\"element-text-standard single-value\">9783734331916<\/p>\n<\/section>\n","protected":false},"excerpt":{"rendered":"<p>Egal, ob zur Kirschbl\u00fcte im Fr\u00fchjahr, zum sommerlichen Strandurlaub, zur herbstlichen Laubf\u00e4rbung im Oktober oder gar zum winterlichen Skitourismus: Japan ist immer eine Reise wert.<\/p>\n","protected":false},"featured_media":336,"template":"","meta":[],"product_cat":[],"product_tag":[],"class_list":{"0":"post-335","1":"product","2":"type-product","3":"status-publish","4":"has-post-thumbnail","7":"first","8":"instock","9":"taxable","10":"shipping-taxable","11":"purchasable","12":"product-type-simple"},"_links":{"self":[{"href":"https:\/\/actionmall.act.at\/shop\/2483\/wp-json\/wp\/v2\/product\/335"}],"collection":[{"href":"https:\/\/actionmall.act.at\/shop\/2483\/wp-json\/wp\/v2\/product"}],"about":[{"href":"https:\/\/actionmall.act.at\/shop\/2483\/wp-json\/wp\/v2\/types\/product"}],"wp:featuredmedia":[{"embeddable":true,"href":"https:\/\/actionmall.act.at\/shop\/2483\/wp-json\/wp\/v2\/media\/336"}],"wp:attachment":[{"href":"https:\/\/actionmall.act.at\/shop\/2483\/wp-json\/wp\/v2\/media?parent=335"}],"wp:term":[{"taxonomy":"product_cat","embeddable":true,"href":"https:\/\/actionmall.act.at\/shop\/2483\/wp-json\/wp\/v2\/product_cat?post=335"},{"taxonomy":"product_tag","embeddable":true,"href":"https:\/\/actionmall.act.at\/shop\/2483\/wp-json\/wp\/v2\/product_tag?post=335"}],"curies":[{"name":"wp","href":"https:\/\/api.w.org\/{rel}","templated":true}]}}