{"id":362,"date":"2026-01-30T12:19:11","date_gmt":"2026-01-30T11:19:11","guid":{"rendered":"https:\/\/actionmall.act.at\/shop\/2483\/?post_type=product&#038;p=362"},"modified":"2026-01-30T12:19:11","modified_gmt":"2026-01-30T11:19:11","slug":"ellen-berg","status":"publish","type":"product","link":"https:\/\/actionmall.act.at\/shop\/2483\/produkt\/ellen-berg\/","title":{"rendered":"Ellen Berg J\u00fcnger geht immer !"},"content":{"rendered":"<section class=\"artikeldetail\"><\/section>\n<section class=\"artikeldetail\">\n<p class=\"element-text-standard single-value\">\n<\/section>\n<section class=\"artikeldetail\"><\/section>\n<section class=\"artikeldetail\">\n<blockquote>\n<p class=\"element-text-standard single-value\">Alter egal &#8211; alles Liebe! Anne kriegt die Krise. Da hat sie monatelang die Goldene Hochzeit ihrer Eltern vorbereitet, doch bei der Feier verk\u00fcndet ihre Mutter, dass sie sich scheiden l\u00e4sst. Altersstarrsinn oder Late Life Crisis? Als die Mutter dann\u00a0auch\u00a0noch einen deutlich j\u00fcngeren Freund pr\u00e4sentiert, wendet sich Anne an Tom, den Sohn des neuen Lovers &#8211; der jedoch kein Problem damit hat. Prompt bringt eine \u00fcberraschende Versuchung Annes eigenes Eheleben durcheinander, und sie muss sich fragen: Ist die Liebe zu einem j\u00fcngeren Mann wirklich so abwegig? Der neue Bestseller von Ellen Berg \u00fcber die Frage, welche Zugest\u00e4ndnisse Frauen im Alter machen m\u00fcssen &#8211; und ob wir jemals aufh\u00f6ren sollten, nach Liebe und Gl\u00fcck zu suchen.<\/p>\n<\/blockquote>\n<\/section>\n<section class=\"artikeldetail\"><\/section>\n<section class=\"artikeldetail herstelleradresse\">\n<div class=\"element-text-standard single-value\">\n<p>&nbsp;<\/p>\n<\/div>\n<\/section>\n","protected":false},"excerpt":{"rendered":"<p><strong>Erscheinungsdatum: <\/strong>\u00a014.11.2025<br \/>\n<strong>Einband: <\/strong>H\u00f6rbuch<br \/>\n<strong>Dateienanzahl: <\/strong>158<\/p>\n","protected":false},"featured_media":363,"template":"","meta":[],"product_cat":[],"product_tag":[],"class_list":{"0":"post-362","1":"product","2":"type-product","3":"status-publish","4":"has-post-thumbnail","7":"first","8":"instock","9":"taxable","10":"shipping-taxable","11":"purchasable","12":"product-type-simple"},"_links":{"self":[{"href":"https:\/\/actionmall.act.at\/shop\/2483\/wp-json\/wp\/v2\/product\/362"}],"collection":[{"href":"https:\/\/actionmall.act.at\/shop\/2483\/wp-json\/wp\/v2\/product"}],"about":[{"href":"https:\/\/actionmall.act.at\/shop\/2483\/wp-json\/wp\/v2\/types\/product"}],"wp:featuredmedia":[{"embeddable":true,"href":"https:\/\/actionmall.act.at\/shop\/2483\/wp-json\/wp\/v2\/media\/363"}],"wp:attachment":[{"href":"https:\/\/actionmall.act.at\/shop\/2483\/wp-json\/wp\/v2\/media?parent=362"}],"wp:term":[{"taxonomy":"product_cat","embeddable":true,"href":"https:\/\/actionmall.act.at\/shop\/2483\/wp-json\/wp\/v2\/product_cat?post=362"},{"taxonomy":"product_tag","embeddable":true,"href":"https:\/\/actionmall.act.at\/shop\/2483\/wp-json\/wp\/v2\/product_tag?post=362"}],"curies":[{"name":"wp","href":"https:\/\/api.w.org\/{rel}","templated":true}]}}