{"id":369,"date":"2026-01-30T12:35:06","date_gmt":"2026-01-30T11:35:06","guid":{"rendered":"https:\/\/actionmall.act.at\/shop\/2483\/?post_type=product&#038;p=369"},"modified":"2026-01-30T12:35:06","modified_gmt":"2026-01-30T11:35:06","slug":"bumm","status":"publish","type":"product","link":"https:\/\/actionmall.act.at\/shop\/2483\/produkt\/bumm\/","title":{"rendered":"Bumm!"},"content":{"rendered":"<blockquote><p>Auf den ersten Blick haben diese mysteri\u00f6sen Verbrechen nichts miteinander zu tun: Ein Krimiautor wird beschuldigt, seinen Nachbarn mit einem Korkenzieher umgebracht zu haben. Doch er leugnet die Tat &#8211; und verd\u00e4chtigt seine Romanfigur.<br \/>\nDie\u00a0Entf\u00fchrerin\u00a0achtmonatiger Zwillinge tritt im Fernsehen auf: Sie fordert nicht etwa L\u00f6segeld, sondern verfolgt einen viel gr\u00f6\u00dferen Plan.<br \/>\nViel fr\u00fcher, im Berlin des Jahres 1904, muss Kriminalassistent Ernst Genannt, Experte f\u00fcrs neuartige Verh\u00f6rtechniken und Stachelbeertorte, den r\u00e4tselhaften &#8222;Franzosenr\u00e4cher&#8220; schnappen, der erste Fall der sp\u00e4teren Polizeilegende.<br \/>\nViel sp\u00e4ter, im Jahr 2043, ermittelt Kommissar Stanislav Pils in einem Mord, der mittels genetisch ver\u00e4nderter M\u00fccken begangen wurde &#8211; und muss sich eingestehen, dass Maschinen die liebenswerteren Menschen sind. Am Ende steht ein gro\u00dfes Geheimnis, das alles miteinander verbindet.<\/p><\/blockquote>\n","protected":false},"excerpt":{"rendered":"<p><strong>Erscheinungsdatum: <\/strong>\u00a013.09.2022<br \/>\n<strong>Einband: <\/strong>H\u00f6rbuch<br \/>\n<strong>Dateienanzahl: <\/strong>128<\/p>\n","protected":false},"featured_media":370,"template":"","meta":[],"product_cat":[],"product_tag":[],"class_list":{"0":"post-369","1":"product","2":"type-product","3":"status-publish","4":"has-post-thumbnail","7":"first","8":"instock","9":"taxable","10":"shipping-taxable","11":"purchasable","12":"product-type-simple"},"_links":{"self":[{"href":"https:\/\/actionmall.act.at\/shop\/2483\/wp-json\/wp\/v2\/product\/369"}],"collection":[{"href":"https:\/\/actionmall.act.at\/shop\/2483\/wp-json\/wp\/v2\/product"}],"about":[{"href":"https:\/\/actionmall.act.at\/shop\/2483\/wp-json\/wp\/v2\/types\/product"}],"wp:featuredmedia":[{"embeddable":true,"href":"https:\/\/actionmall.act.at\/shop\/2483\/wp-json\/wp\/v2\/media\/370"}],"wp:attachment":[{"href":"https:\/\/actionmall.act.at\/shop\/2483\/wp-json\/wp\/v2\/media?parent=369"}],"wp:term":[{"taxonomy":"product_cat","embeddable":true,"href":"https:\/\/actionmall.act.at\/shop\/2483\/wp-json\/wp\/v2\/product_cat?post=369"},{"taxonomy":"product_tag","embeddable":true,"href":"https:\/\/actionmall.act.at\/shop\/2483\/wp-json\/wp\/v2\/product_tag?post=369"}],"curies":[{"name":"wp","href":"https:\/\/api.w.org\/{rel}","templated":true}]}}