{"id":397,"date":"2026-02-18T10:32:07","date_gmt":"2026-02-18T09:32:07","guid":{"rendered":"https:\/\/actionmall.act.at\/shop\/2483\/?post_type=product&#038;p=397"},"modified":"2026-02-18T10:39:21","modified_gmt":"2026-02-18T09:39:21","slug":"mario-und-der-zauberer-2","status":"publish","type":"product","link":"https:\/\/actionmall.act.at\/shop\/2483\/produkt\/mario-und-der-zauberer-2\/","title":{"rendered":"Demon Slayer"},"content":{"rendered":"<blockquote><p>Das Blatt hat sich gewendet! Nachdem Tokito seine wahre Kraft entfalten konnte, gelingt es Tanjiro endlich, den Hauptk\u00f6rper des hochrangigen D\u00e4mons Hatengu aufzusp\u00fcren. Doch der nahende Sonnenaufgang droht, Nezuko ebenfalls zu vernichten. Die Sorge\u00a0<em class=\"element-background-basic-colors marker\" data-color=\"04b\">um<\/em>\u00a0seine Schwester lenkt Tanjiro im alles entscheidenden Moment ab \u2013 und dieser Fehler k\u00f6nnte der letzte sein, den Tanjiro jemals begehen wird \u2026<\/p><\/blockquote>\n","protected":false},"excerpt":{"rendered":"<section class=\"artikeldetail\">\n<h3 class=\"element-text-standard-strong detailbezeichnung\">Erscheinungsdatum<\/h3>\n<p class=\"element-text-standard single-value\">04.08.2022<\/p>\n<\/section>\n<section class=\"artikeldetail\">\n<h3 class=\"element-text-standard-strong detailbezeichnung\">Verlag<\/h3>\n<p><a class=\"element-link-standard\" href=\"https:\/\/www.thalia.at\/shop\/home\/mehr-von-suche\/ANY\/sv\/suche.html?mehrVon=Manga%20Cult\">Manga Cult<\/a><\/section>\n<section class=\"artikeldetail\">\n<h3 class=\"element-text-standard-strong detailbezeichnung\">Seitenzahl<\/h3>\n<p class=\"element-text-standard single-value\">192<\/p>\n<\/section>\n<section class=\"artikeldetail\">\n<h3 class=\"element-text-standard-strong detailbezeichnung\">Ma\u00dfe (L\/B\/H)<\/h3>\n<p class=\"element-text-standard single-value\">20,7\/13,7\/1,6 cm<\/p>\n<\/section>\n<section class=\"artikeldetail\">\n<h3 class=\"element-text-standard-strong detailbezeichnung\">Gewicht<\/h3>\n<p class=\"element-text-standard single-value\">214 g<\/p>\n<\/section>\n<section class=\"artikeldetail\">\n<h3 class=\"element-text-standard-strong detailbezeichnung\">Farbe<\/h3>\n<p class=\"element-text-standard single-value\">Grau \/ Schwarz<\/p>\n<\/section>\n<section class=\"artikeldetail\">\n<h3 class=\"element-text-standard-strong detailbezeichnung\">Auflage<\/h3>\n<p class=\"element-text-standard single-value\">1. Auflage<\/p>\n<\/section>\n<section class=\"artikeldetail\">\n<h3 class=\"element-text-standard-strong detailbezeichnung\">Reihe<\/h3>\n<p><a class=\"element-link-standard\" href=\"https:\/\/www.thalia.at\/shop\/home\/mehr-von-suche\/ANY\/sr\/suche.html?mehrVon=Demon%20Slayer.%20Kimetsu%20no%20yaiba\">Demon Slayer. Kimetsu no yaiba 15<\/a><\/section>\n<section class=\"artikeldetail\">\n<h3 class=\"element-text-standard-strong detailbezeichnung\">Originaltitel<\/h3>\n<p><a class=\"element-link-standard\" href=\"https:\/\/www.thalia.at\/shop\/home\/mehr-von-suche\/ANY\/st\/suche.html?mehrVon=Kimetsu%20no%20Yaiba\">Kimetsu no Yaiba<\/a><\/section>\n<section class=\"artikeldetail\">\n<h3 class=\"element-text-standard-strong detailbezeichnung\">\u00dcbersetzt von<\/h3>\n<p class=\"element-text-standard single-value\">Burkhard H\u00f6fler<\/p>\n<\/section>\n<section class=\"artikeldetail\">\n<h3 class=\"element-text-standard-strong detailbezeichnung\">Sprache<\/h3>\n<h5 class=\"element-text-standard single-value\">Deutsch<\/h5>\n<\/section>\n","protected":false},"featured_media":398,"template":"","meta":[],"product_cat":[],"product_tag":[],"class_list":{"0":"post-397","1":"product","2":"type-product","3":"status-publish","4":"has-post-thumbnail","7":"first","8":"instock","9":"taxable","10":"shipping-taxable","11":"purchasable","12":"product-type-simple"},"_links":{"self":[{"href":"https:\/\/actionmall.act.at\/shop\/2483\/wp-json\/wp\/v2\/product\/397"}],"collection":[{"href":"https:\/\/actionmall.act.at\/shop\/2483\/wp-json\/wp\/v2\/product"}],"about":[{"href":"https:\/\/actionmall.act.at\/shop\/2483\/wp-json\/wp\/v2\/types\/product"}],"wp:featuredmedia":[{"embeddable":true,"href":"https:\/\/actionmall.act.at\/shop\/2483\/wp-json\/wp\/v2\/media\/398"}],"wp:attachment":[{"href":"https:\/\/actionmall.act.at\/shop\/2483\/wp-json\/wp\/v2\/media?parent=397"}],"wp:term":[{"taxonomy":"product_cat","embeddable":true,"href":"https:\/\/actionmall.act.at\/shop\/2483\/wp-json\/wp\/v2\/product_cat?post=397"},{"taxonomy":"product_tag","embeddable":true,"href":"https:\/\/actionmall.act.at\/shop\/2483\/wp-json\/wp\/v2\/product_tag?post=397"}],"curies":[{"name":"wp","href":"https:\/\/api.w.org\/{rel}","templated":true}]}}