{"id":402,"date":"2026-02-20T11:40:46","date_gmt":"2026-02-20T10:40:46","guid":{"rendered":"https:\/\/actionmall.act.at\/shop\/2483\/?post_type=product&#038;p=402"},"modified":"2026-02-20T11:48:29","modified_gmt":"2026-02-20T10:48:29","slug":"naruto-mangas-bd-67","status":"publish","type":"product","link":"https:\/\/actionmall.act.at\/shop\/2483\/produkt\/naruto-mangas-bd-67\/","title":{"rendered":"Jujutsu Kaisen &#8211; Band 29"},"content":{"rendered":"<blockquote><p>Extreme Situationen erfordern extreme Ma\u00dfnahmen, selbst wenn das bedeutet, sich mit dem Feind zu verb\u00fcnden. Und genau das ist Yutas Notfallplan: Miguel und seine Kameraden sollen ihm beim Entscheidungskampf gegen Sukuna unterst\u00fctzen. Doch kann er\u00a0<em class=\"element-background-basic-colors marker\" data-color=\"04b\">den<\/em>\u00a0ehemaligen Gefolgsleuten von Suguru wirklich sein Leben anvertrauen, wenn sie gemeinsam dem K\u00f6nig der Fl\u00fcche gegen\u00fcberstehen?<\/p><\/blockquote>\n","protected":false},"excerpt":{"rendered":"<section class=\"artikeldetail\">\n<h3 class=\"element-text-standard-strong detailbezeichnung\">Erscheinungsdatum<\/h3>\n<p class=\"element-text-standard single-value\">16.01.2026<\/p>\n<\/section>\n<section class=\"artikeldetail\">\n<h3 class=\"element-text-standard-strong detailbezeichnung\">Illustriert von<\/h3>\n<p class=\"element-text-standard single-value\">Gege Akutami<\/p>\n<\/section>\n<section class=\"artikeldetail\">\n<h3 class=\"element-text-standard-strong detailbezeichnung\">Verlag<\/h3>\n<p><a class=\"element-link-standard\" href=\"https:\/\/www.thalia.at\/shop\/home\/mehr-von-suche\/ANY\/sv\/suche.html?mehrVon=Pegasus%20Manga\">Pegasus Manga<\/a><\/p>\n<\/section>\n<section class=\"artikeldetail\">\n<h3 class=\"element-text-standard-strong detailbezeichnung\">Seitenzahl<\/h3>\n<p class=\"element-text-standard single-value\">192<\/p>\n<\/section>\n<section class=\"artikeldetail\">\n<h3 class=\"element-text-standard-strong detailbezeichnung\">Ma\u00dfe (L\/B\/H)<\/h3>\n<p class=\"element-text-standard single-value\">18,1\/12,8\/1,7 cm<\/p>\n<\/section>\n<section class=\"artikeldetail\">\n<h3 class=\"element-text-standard-strong detailbezeichnung\">Gewicht<\/h3>\n<p class=\"element-text-standard single-value\">189 g<\/p>\n<\/section>\n<section class=\"artikeldetail\">\n<h3 class=\"element-text-standard-strong detailbezeichnung\">Farbe<\/h3>\n<p class=\"element-text-standard single-value\">Grau<\/p>\n<\/section>\n<section class=\"artikeldetail\">\n<h3 class=\"element-text-standard-strong detailbezeichnung\">\u00dcbersetzt von<\/h3>\n<p class=\"element-text-standard single-value\">Costa Caspary<\/p>\n<\/section>\n<section class=\"artikeldetail\">\n<h3 class=\"element-text-standard-strong detailbezeichnung\">Sprache<\/h3>\n<p class=\"element-text-standard single-value\">Deutsch<\/p>\n<\/section>\n","protected":false},"featured_media":403,"template":"","meta":[],"product_cat":[],"product_tag":[],"class_list":{"0":"post-402","1":"product","2":"type-product","3":"status-publish","4":"has-post-thumbnail","7":"first","8":"instock","9":"taxable","10":"shipping-taxable","11":"purchasable","12":"product-type-simple"},"_links":{"self":[{"href":"https:\/\/actionmall.act.at\/shop\/2483\/wp-json\/wp\/v2\/product\/402"}],"collection":[{"href":"https:\/\/actionmall.act.at\/shop\/2483\/wp-json\/wp\/v2\/product"}],"about":[{"href":"https:\/\/actionmall.act.at\/shop\/2483\/wp-json\/wp\/v2\/types\/product"}],"wp:featuredmedia":[{"embeddable":true,"href":"https:\/\/actionmall.act.at\/shop\/2483\/wp-json\/wp\/v2\/media\/403"}],"wp:attachment":[{"href":"https:\/\/actionmall.act.at\/shop\/2483\/wp-json\/wp\/v2\/media?parent=402"}],"wp:term":[{"taxonomy":"product_cat","embeddable":true,"href":"https:\/\/actionmall.act.at\/shop\/2483\/wp-json\/wp\/v2\/product_cat?post=402"},{"taxonomy":"product_tag","embeddable":true,"href":"https:\/\/actionmall.act.at\/shop\/2483\/wp-json\/wp\/v2\/product_tag?post=402"}],"curies":[{"name":"wp","href":"https:\/\/api.w.org\/{rel}","templated":true}]}}