{"id":428,"date":"2026-03-20T12:02:29","date_gmt":"2026-03-20T11:02:29","guid":{"rendered":"https:\/\/actionmall.act.at\/shop\/2483\/?post_type=product&#038;p=428"},"modified":"2026-03-20T12:20:00","modified_gmt":"2026-03-20T11:20:00","slug":"heated-rivalry","status":"publish","type":"product","link":"https:\/\/actionmall.act.at\/shop\/2483\/produkt\/heated-rivalry\/","title":{"rendered":"Heated Rivalry"},"content":{"rendered":"<p>Shane Hollander lebt f\u00fcr den Eishockeysport. Als Kapit\u00e4n der Montreal Voyageurs ist f\u00fcr ihn nur eins wichtig: der Sieg. Doch ausgerechnet sein gr\u00f6\u00dfter Rivale bringt ihn aus dem Konzept &#8211; Ilya Rozanov, der selbstbewusste Superstar der Boston Bears.\u00a0<em class=\"element-background-basic-colors marker\" data-color=\"04b\">Auf<\/em>\u00a0dem Eis sind sie erbitterte Gegner, abseits davon k\u00f6nnen sie die Anziehung zwischen sich kaum leugnen.<\/p>\n<p>Was als geheimes Spiel mit dem Feuer beginnt, wird bald gef\u00e4hrlich &#8211; f\u00fcr ihre Karrieren und alles, woran sie glauben.<\/p>\n<p>Aber was passiert, wenn das hei\u00dfeste Geheimnis der\u00a0Liga\u00a0auffliegt?<\/p>\n","protected":false},"excerpt":{"rendered":"<section class=\"artikeldetail\">\n<h3 class=\"element-text-standard-strong detailbezeichnung\">Verkaufsrang<\/h3>\n<p class=\"element-text-standard single-value\">582<\/p>\n<\/section>\n<section class=\"artikeldetail\">\n<h3 class=\"element-text-standard-strong detailbezeichnung\">Einband<\/h3>\n<p class=\"element-text-standard single-value\">Paperback<\/p>\n<\/section>\n<section class=\"artikeldetail\">\n<h3 class=\"element-text-standard-strong detailbezeichnung\">Erscheinungsdatum<\/h3>\n<p class=\"element-text-standard single-value\">11.12.2025<\/p>\n<\/section>\n<section class=\"artikeldetail\">\n<h3 class=\"element-text-standard-strong detailbezeichnung\">Verlag<\/h3>\n<p><a class=\"element-link-standard\" href=\"https:\/\/www.thalia.at\/shop\/home\/mehr-von-suche\/ANY\/sv\/suche.html?mehrVon=Second%20Chances%20Verlag\">Second Chances Verlag<\/a><\/p>\n<\/section>\n<section class=\"artikeldetail\">\n<h3 class=\"element-text-standard-strong detailbezeichnung\">Seitenzahl<\/h3>\n<p class=\"element-text-standard single-value\">448<\/p>\n<\/section>\n<section class=\"artikeldetail\">\n<h3 class=\"element-text-standard-strong detailbezeichnung\">Ma\u00dfe (L\/B\/H)<\/h3>\n<p class=\"element-text-standard single-value\">20,6\/13,4\/3,7 cm<\/p>\n<\/section>\n<section class=\"artikeldetail\">\n<h3 class=\"element-text-standard-strong detailbezeichnung\">Gewicht<\/h3>\n<p class=\"element-text-standard single-value\">466 g<\/p>\n<\/section>\n<section class=\"artikeldetail\">\n<h3 class=\"element-text-standard-strong detailbezeichnung\">Farbe<\/h3>\n<p class=\"element-text-standard single-value\">Blau \/ Blau<\/p>\n<\/section>\n<section class=\"artikeldetail\">\n<h3 class=\"element-text-standard-strong detailbezeichnung\">Auflage<\/h3>\n<p class=\"element-text-standard single-value\">1. Auflage<\/p>\n<\/section>\n<section class=\"artikeldetail\">\n<h3 class=\"element-text-standard-strong detailbezeichnung\">\u00dcbersetzt von<\/h3>\n<p class=\"element-text-standard single-value\">Martha Sonnenburg<\/p>\n<\/section>\n<section class=\"artikeldetail\">\n<h3 class=\"element-text-standard-strong detailbezeichnung\">Sprache<\/h3>\n<p class=\"element-text-standard single-value\">Deutsch<\/p>\n<\/section>\n","protected":false},"featured_media":429,"template":"","meta":[],"product_cat":[43],"product_tag":[],"class_list":{"0":"post-428","1":"product","2":"type-product","3":"status-publish","4":"has-post-thumbnail","6":"product_cat-unterhaltung-freizeit-und-kultur","8":"first","9":"instock","10":"taxable","11":"shipping-taxable","12":"purchasable","13":"product-type-simple"},"_links":{"self":[{"href":"https:\/\/actionmall.act.at\/shop\/2483\/wp-json\/wp\/v2\/product\/428"}],"collection":[{"href":"https:\/\/actionmall.act.at\/shop\/2483\/wp-json\/wp\/v2\/product"}],"about":[{"href":"https:\/\/actionmall.act.at\/shop\/2483\/wp-json\/wp\/v2\/types\/product"}],"wp:featuredmedia":[{"embeddable":true,"href":"https:\/\/actionmall.act.at\/shop\/2483\/wp-json\/wp\/v2\/media\/429"}],"wp:attachment":[{"href":"https:\/\/actionmall.act.at\/shop\/2483\/wp-json\/wp\/v2\/media?parent=428"}],"wp:term":[{"taxonomy":"product_cat","embeddable":true,"href":"https:\/\/actionmall.act.at\/shop\/2483\/wp-json\/wp\/v2\/product_cat?post=428"},{"taxonomy":"product_tag","embeddable":true,"href":"https:\/\/actionmall.act.at\/shop\/2483\/wp-json\/wp\/v2\/product_tag?post=428"}],"curies":[{"name":"wp","href":"https:\/\/api.w.org\/{rel}","templated":true}]}}