{"id":435,"date":"2026-04-17T12:00:51","date_gmt":"2026-04-17T10:00:51","guid":{"rendered":"https:\/\/actionmall.act.at\/shop\/2483\/?post_type=product&#038;p=435"},"modified":"2026-04-17T12:00:51","modified_gmt":"2026-04-17T10:00:51","slug":"mutter-sein","status":"publish","type":"product","link":"https:\/\/actionmall.act.at\/shop\/2483\/produkt\/mutter-sein\/","title":{"rendered":"Mutter. Sein."},"content":{"rendered":"<p>Viele Frauen mit Kindern begleitet das Gef\u00fchl, keine gute Mutter zu sein. Susanne Mierau identifiziert vier gro\u00dfe Konfliktzonen, die M\u00fcttern das Leben heute so schwer machen, und bietet entlastende Unterst\u00fctzung, um den eigenen, gl\u00fccklich machenden\u00a0<em class=\"element-background-basic-colors marker\" data-color=\"04b\">Weg<\/em>\u00a0als Mutter zu finden. Sie thematisiert: 1. ein \u00fcberholtes Mutterbild und die Anforderungen einer bindungsorientierten Erziehung, 2. die aus der eigenen Kindheit resultierende Unsicherheit, 3. der Druck durch andere Eltern und 4. ein negatives Frauenbild sowie gesellschaftliche Erwartungen wie Karriere und Lifestyle, die mit den Bed\u00fcrfnissen von Kindern in Konflikt geraten.<br \/>\nPers\u00f6nlich, leidenschaftlich und auf der Grundlage von Studien, Umfragen und Erfahrungsberichten vieler Frauen entwirft Susanne Mierau Kriterien, um ein individuelles Selbstverst\u00e4ndnis als Mutter zu entwickeln, das zur eigenen Situation passt, entlastet und zufrieden macht. Weil es DIE gute Mutter gar nicht gibt<\/p>\n","protected":false},"excerpt":{"rendered":"<p style=\"text-align: left\">Viele M\u00fctter zweifeln an sich. Susanne Mierau zeigt, wie alte Mutterbilder, eigene Pr\u00e4gungen, sozialer Druck und widerspr\u00fcchliche Erwartungen Frauen belasten \u2013 und wie jede Mutter ihren eigenen, entlastenden Weg finden kann. Denn die eine \u201egute Mutter\u201c gibt es nicht.<\/p>\n","protected":false},"featured_media":436,"template":"","meta":[],"product_cat":[43],"product_tag":[],"class_list":{"0":"post-435","1":"product","2":"type-product","3":"status-publish","4":"has-post-thumbnail","6":"product_cat-unterhaltung-freizeit-und-kultur","8":"first","9":"instock","10":"sale","11":"taxable","12":"shipping-taxable","13":"purchasable","14":"product-type-simple"},"_links":{"self":[{"href":"https:\/\/actionmall.act.at\/shop\/2483\/wp-json\/wp\/v2\/product\/435"}],"collection":[{"href":"https:\/\/actionmall.act.at\/shop\/2483\/wp-json\/wp\/v2\/product"}],"about":[{"href":"https:\/\/actionmall.act.at\/shop\/2483\/wp-json\/wp\/v2\/types\/product"}],"wp:featuredmedia":[{"embeddable":true,"href":"https:\/\/actionmall.act.at\/shop\/2483\/wp-json\/wp\/v2\/media\/436"}],"wp:attachment":[{"href":"https:\/\/actionmall.act.at\/shop\/2483\/wp-json\/wp\/v2\/media?parent=435"}],"wp:term":[{"taxonomy":"product_cat","embeddable":true,"href":"https:\/\/actionmall.act.at\/shop\/2483\/wp-json\/wp\/v2\/product_cat?post=435"},{"taxonomy":"product_tag","embeddable":true,"href":"https:\/\/actionmall.act.at\/shop\/2483\/wp-json\/wp\/v2\/product_tag?post=435"}],"curies":[{"name":"wp","href":"https:\/\/api.w.org\/{rel}","templated":true}]}}