{"id":437,"date":"2026-04-17T12:07:10","date_gmt":"2026-04-17T10:07:10","guid":{"rendered":"https:\/\/actionmall.act.at\/shop\/2483\/?post_type=product&#038;p=437"},"modified":"2026-04-17T12:07:10","modified_gmt":"2026-04-17T10:07:10","slug":"the-night-we-met","status":"publish","type":"product","link":"https:\/\/actionmall.act.at\/shop\/2483\/produkt\/the-night-we-met\/","title":{"rendered":"The Night We Met"},"content":{"rendered":"<p><strong>Nach &#8222;Just for the Summer&#8220; und &#8222;Say You&#8217;ll Remember Me&#8220; der neue hoch emotionale und humorvolle Roman von SPIEGEL-Bestsellerautorin Abby Jimenez<\/strong><\/p>\n<p><strong>Wenn ein Moment \u00fcber alles entscheidet &#8230;<\/strong><\/p>\n<p>Larissa hatte\u00a0<em class=\"element-background-basic-colors marker\" data-color=\"04b\">keine<\/em>\u00a0Ahnung, dass sie in dieser Nacht den Mann ihres Lebens kennenlernen w\u00fcrde. Sie und Chris sind perfekt f\u00fcreinander, teilen den gleichen Humor und er ist f\u00fcr sie da, wenn sie ihn am meisten braucht.<\/p>\n","protected":false},"excerpt":{"rendered":"<p>Nach &#8222;Just for the Summer&#8220; und &#8222;Say You&#8217;ll Remember Me&#8220; der neue hoch emotionale und humorvolle Roman von SPIEGEL-Bestsellerautorin Abby Jimenez Wenn ein Moment \u00fcber alles entscheidet &#8230; Larissa hatte\u00a0keine\u00a0Ahnung, dass sie in dieser Nacht den Mann ihres Lebens kennenlernen w\u00fcrde. Sie und Chris sind perfekt f\u00fcreinander, teilen den gleichen Humor und er ist f\u00fcr [&hellip;]<\/p>\n","protected":false},"featured_media":438,"template":"","meta":[],"product_cat":[43],"product_tag":[],"class_list":{"0":"post-437","1":"product","2":"type-product","3":"status-publish","4":"has-post-thumbnail","6":"product_cat-unterhaltung-freizeit-und-kultur","8":"first","9":"instock","10":"sale","11":"taxable","12":"shipping-taxable","13":"purchasable","14":"product-type-simple"},"_links":{"self":[{"href":"https:\/\/actionmall.act.at\/shop\/2483\/wp-json\/wp\/v2\/product\/437"}],"collection":[{"href":"https:\/\/actionmall.act.at\/shop\/2483\/wp-json\/wp\/v2\/product"}],"about":[{"href":"https:\/\/actionmall.act.at\/shop\/2483\/wp-json\/wp\/v2\/types\/product"}],"wp:featuredmedia":[{"embeddable":true,"href":"https:\/\/actionmall.act.at\/shop\/2483\/wp-json\/wp\/v2\/media\/438"}],"wp:attachment":[{"href":"https:\/\/actionmall.act.at\/shop\/2483\/wp-json\/wp\/v2\/media?parent=437"}],"wp:term":[{"taxonomy":"product_cat","embeddable":true,"href":"https:\/\/actionmall.act.at\/shop\/2483\/wp-json\/wp\/v2\/product_cat?post=437"},{"taxonomy":"product_tag","embeddable":true,"href":"https:\/\/actionmall.act.at\/shop\/2483\/wp-json\/wp\/v2\/product_tag?post=437"}],"curies":[{"name":"wp","href":"https:\/\/api.w.org\/{rel}","templated":true}]}}