{"id":439,"date":"2026-04-17T12:16:29","date_gmt":"2026-04-17T10:16:29","guid":{"rendered":"https:\/\/actionmall.act.at\/shop\/2483\/?post_type=product&#038;p=439"},"modified":"2026-04-17T12:16:29","modified_gmt":"2026-04-17T10:16:29","slug":"die-frauen-von-cornwall","status":"publish","type":"product","link":"https:\/\/actionmall.act.at\/shop\/2483\/produkt\/die-frauen-von-cornwall\/","title":{"rendered":"Die Frauen von Cornwall"},"content":{"rendered":"<p><strong>Starke Frauen und der Ruf des Meeres<\/strong><\/p>\n<p>Janet ist mit dem Werftbesitzer Thomas Coombe verheiratet, sie leben mit ihren Kindern scheinbar gl\u00fccklich in dem beschaulichen kornischen Hafenst\u00e4dtchen Plyn. Doch Janet ist ruhelos \u2013 immer\u00a0<em class=\"element-background-basic-colors marker\" data-color=\"04b\">wieder<\/em>\u00a0zieht es sie an die Klippen, und sie tr\u00e4umt davon, ein Mann und frei zu sein und um die Welt zu segeln. Diesen Drang und die unstillbare Liebe zum Meer gibt sie an ihren Sohn Joseph weiter \u2013 und als er, wild und ungeb\u00e4rdig, auf einem Schiff anheuert und sein Gl\u00fcck in der Ferne sucht, ist es, als w\u00fcrden ihre Tr\u00e4ume wahr. Doch die Rivalit\u00e4t zwischen Joseph und seinem Bruder Philip droht die Familie zu zerrei\u00dfen \u2026<\/p>\n","protected":false},"excerpt":{"rendered":"<p>Daphne du Mauriers eindrucksvolles Deb\u00fct entf\u00fchrt in das wilde Cornwall und in die geheimen inneren Welten seiner Figuren \u2013 eine dramatische Familiensaga voller Leidenschaft, Intrigen und einer Liebe, die selbst den Tod \u00fcberdauert.<\/p>\n","protected":false},"featured_media":440,"template":"","meta":[],"product_cat":[34],"product_tag":[],"class_list":{"0":"post-439","1":"product","2":"type-product","3":"status-publish","4":"has-post-thumbnail","6":"product_cat-autos-und-fahrzeuge","8":"first","9":"instock","10":"sale","11":"taxable","12":"shipping-taxable","13":"purchasable","14":"product-type-simple"},"_links":{"self":[{"href":"https:\/\/actionmall.act.at\/shop\/2483\/wp-json\/wp\/v2\/product\/439"}],"collection":[{"href":"https:\/\/actionmall.act.at\/shop\/2483\/wp-json\/wp\/v2\/product"}],"about":[{"href":"https:\/\/actionmall.act.at\/shop\/2483\/wp-json\/wp\/v2\/types\/product"}],"wp:featuredmedia":[{"embeddable":true,"href":"https:\/\/actionmall.act.at\/shop\/2483\/wp-json\/wp\/v2\/media\/440"}],"wp:attachment":[{"href":"https:\/\/actionmall.act.at\/shop\/2483\/wp-json\/wp\/v2\/media?parent=439"}],"wp:term":[{"taxonomy":"product_cat","embeddable":true,"href":"https:\/\/actionmall.act.at\/shop\/2483\/wp-json\/wp\/v2\/product_cat?post=439"},{"taxonomy":"product_tag","embeddable":true,"href":"https:\/\/actionmall.act.at\/shop\/2483\/wp-json\/wp\/v2\/product_tag?post=439"}],"curies":[{"name":"wp","href":"https:\/\/api.w.org\/{rel}","templated":true}]}}