{"id":258,"date":"2026-01-07T09:44:51","date_gmt":"2026-01-07T08:44:51","guid":{"rendered":"https:\/\/actionmall.act.at\/shop\/2564\/?post_type=product&#038;p=258"},"modified":"2026-01-07T09:44:51","modified_gmt":"2026-01-07T08:44:51","slug":"projektpilot-360","status":"publish","type":"product","link":"https:\/\/actionmall.act.at\/shop\/2564\/en\/produkt\/projektpilot-360\/","title":{"rendered":"ProjektPilot 360\u00b0"},"content":{"rendered":"<p>ProjektPilot 360\u00b0 ist das digitale Lern- und Coaching-Programm f\u00fcr Projektmanagement mit Trello.<\/p>\n<p>Unternehmen erhalten einen kompletten \u00dcberblick: praxisnahe Video-Lektionen, Live-Coaching und individuellen Chat-Support. So werden Teams fit f\u00fcr effizientes, transparentes und agiles Arbeiten.<\/p>\n","protected":false},"excerpt":{"rendered":"<p>ProjektPilot 360\u00b0 ist das digitale Lern- und Coaching-Programm f\u00fcr Projektmanagement mit Trello. Unternehmen erhalten einen kompletten \u00dcberblick: praxisnahe Video-Lektionen, Live-Coaching und individuellen Chat-Support. So werden Teams fit f\u00fcr effizientes, transparentes und agiles Arbeiten.<\/p>\n","protected":false},"featured_media":259,"template":"","meta":[],"product_cat":[],"product_tag":[],"class_list":{"0":"post-258","1":"product","2":"type-product","3":"status-publish","4":"has-post-thumbnail","7":"first","8":"instock","9":"taxable","10":"shipping-taxable","11":"purchasable","12":"product-type-simple"},"_links":{"self":[{"href":"https:\/\/actionmall.act.at\/shop\/2564\/en\/wp-json\/wp\/v2\/product\/258"}],"collection":[{"href":"https:\/\/actionmall.act.at\/shop\/2564\/en\/wp-json\/wp\/v2\/product"}],"about":[{"href":"https:\/\/actionmall.act.at\/shop\/2564\/en\/wp-json\/wp\/v2\/types\/product"}],"wp:featuredmedia":[{"embeddable":true,"href":"https:\/\/actionmall.act.at\/shop\/2564\/en\/wp-json\/wp\/v2\/media\/259"}],"wp:attachment":[{"href":"https:\/\/actionmall.act.at\/shop\/2564\/en\/wp-json\/wp\/v2\/media?parent=258"}],"wp:term":[{"taxonomy":"product_cat","embeddable":true,"href":"https:\/\/actionmall.act.at\/shop\/2564\/en\/wp-json\/wp\/v2\/product_cat?post=258"},{"taxonomy":"product_tag","embeddable":true,"href":"https:\/\/actionmall.act.at\/shop\/2564\/en\/wp-json\/wp\/v2\/product_tag?post=258"}],"curies":[{"name":"wp","href":"https:\/\/api.w.org\/{rel}","templated":true}]}}