{"id":256,"date":"2026-01-07T09:45:06","date_gmt":"2026-01-07T08:45:06","guid":{"rendered":"https:\/\/actionmall.act.at\/shop\/2564\/?post_type=product&#038;p=256"},"modified":"2026-01-07T09:45:06","modified_gmt":"2026-01-07T08:45:06","slug":"happy-team","status":"publish","type":"product","link":"https:\/\/actionmall.act.at\/shop\/2564\/produkt\/happy-team\/","title":{"rendered":"Happy Team"},"content":{"rendered":"<p><strong>HappyTeam<\/strong> ist ein interaktives Lern- und Coachingprogramm f\u00fcr Unternehmen, die die Zufriedenheit, Motivation und Zusammenarbeit ihrer Mitarbeitenden st\u00e4rken m\u00f6chten.<br \/>\nUnser digitales Format kombiniert praxisnahe Workshops mit professionellem Live-Coaching und macht Teambuilding zu einem nachhaltigen Erlebnis.<\/p>\n<p><strong>Was erwartet euch?<\/strong><\/p>\n<p><strong>12 digitale Lektionen \u00e0 25 Minuten<br \/>\n<\/strong>Jede Lektion ist kompakt, interaktiv und fokussiert auf ein zentrales Thema rund um Zusammenarbeit, Kommunikation und\u00a0Happiness\u00a0am Arbeitsplatz.<\/p>\n<p><strong>Begleitendes Workbook &#038; Praxis\u00fcbungen<\/strong><br \/>\n\u00dcbungen zur direkten Umsetzung im Teamalltag.<\/p>\n<p><strong>Live-Coachings (3x pro Monat \u00e0 45 Minuten)<\/strong><br \/>\nVertiefung der Inhalte, Q&#038;A mit\u00a0Expert:innen\u00a0und individuelle Strategien f\u00fcr euer Team.<\/p>\n","protected":false},"excerpt":{"rendered":"<p>HappyTeam ist ein interaktives Lern- und Coachingprogramm f\u00fcr Unternehmen, die die Zufriedenheit, Motivation und Zusammenarbeit ihrer Mitarbeitenden st\u00e4rken m\u00f6chten. Unser digitales Format kombiniert praxisnahe Workshops mit professionellem Live-Coaching und macht Teambuilding zu einem nachhaltigen Erlebnis. Was erwartet euch? 12 digitale Lektionen \u00e0 25 Minuten Jede Lektion ist kompakt, interaktiv und fokussiert auf ein zentrales Thema [&hellip;]<\/p>\n","protected":false},"featured_media":257,"template":"","meta":[],"product_cat":[],"product_tag":[],"class_list":{"0":"post-256","1":"product","2":"type-product","3":"status-publish","4":"has-post-thumbnail","7":"first","8":"instock","9":"taxable","10":"shipping-taxable","11":"purchasable","12":"product-type-simple"},"_links":{"self":[{"href":"https:\/\/actionmall.act.at\/shop\/2564\/wp-json\/wp\/v2\/product\/256"}],"collection":[{"href":"https:\/\/actionmall.act.at\/shop\/2564\/wp-json\/wp\/v2\/product"}],"about":[{"href":"https:\/\/actionmall.act.at\/shop\/2564\/wp-json\/wp\/v2\/types\/product"}],"wp:featuredmedia":[{"embeddable":true,"href":"https:\/\/actionmall.act.at\/shop\/2564\/wp-json\/wp\/v2\/media\/257"}],"wp:attachment":[{"href":"https:\/\/actionmall.act.at\/shop\/2564\/wp-json\/wp\/v2\/media?parent=256"}],"wp:term":[{"taxonomy":"product_cat","embeddable":true,"href":"https:\/\/actionmall.act.at\/shop\/2564\/wp-json\/wp\/v2\/product_cat?post=256"},{"taxonomy":"product_tag","embeddable":true,"href":"https:\/\/actionmall.act.at\/shop\/2564\/wp-json\/wp\/v2\/product_tag?post=256"}],"curies":[{"name":"wp","href":"https:\/\/api.w.org\/{rel}","templated":true}]}}