{"id":339,"date":"2025-03-28T09:27:04","date_gmt":"2025-03-28T08:27:04","guid":{"rendered":"https:\/\/actionmall.act.at\/shop\/2567\/?post_type=product&#038;p=339"},"modified":"2026-03-16T11:34:57","modified_gmt":"2026-03-16T10:34:57","slug":"airpods-max","status":"publish","type":"product","link":"https:\/\/actionmall.act.at\/shop\/2567\/produkt\/airpods-max\/","title":{"rendered":"AirPods Max"},"content":{"rendered":"<p>Die <strong>AirPods Max<\/strong> bieten ein beeindruckendes, immersives H\u00f6rerlebnis mit hochwertigem Sound und innovativer Technologie. Sie zeichnen sich durch einen <strong>Hi-Fi-Sound<\/strong>, aktiven <strong>Noise-Cancelling<\/strong> (ANC) und einen <strong>transparenten Modus<\/strong> aus, um Umgebungsger\u00e4usche zu unterdr\u00fccken oder bewusst wahrzunehmen.<\/p>\n<p>Dank des <strong>Apple H1-Chips<\/strong> in jedem Ohrmuschel bieten die AirPods Max eine ultra-schnelle Verbindung und hervorragende Klangverarbeitung in Echtzeit. Der <strong>adaptiv equalizer<\/strong> passt den Klang in Echtzeit an die Form deines Ohrs an, sodass du jedes Detail der Musik perfekt h\u00f6rst.<\/p>\n<p>Die <strong>erstklassige Verarbeitungsqualit\u00e4t<\/strong> der AirPods Max sorgt f\u00fcr eine perfekte Passform mit einstellbarem Kopfb\u00fcgel und weichen, atmungsaktiven Ohrpolstern. Mit der <strong>Ladeh\u00fclle<\/strong> bleibt der Akku immer voll und sie werden beim Verstauen in den Ruhezustand versetzt.<\/p>\n<p><strong>Batterielaufzeit<\/strong> von bis zu 20 Stunden mit ANC und Spatial Audio, kombiniert mit <strong>MagSafe-kompatibler Ladeh\u00fclle<\/strong>, sorgt f\u00fcr Komfort und praktische Nutzung. Perfekt f\u00fcr Audiophile, die exzellenten Klang und die neueste Technologie suchen<\/p>\n","protected":false},"excerpt":{"rendered":"<p>Die AirPods Max bieten ein beeindruckendes, immersives H\u00f6rerlebnis mit hochwertigem Sound und innovativer Technologie. Sie zeichnen sich durch einen Hi-Fi-Sound, aktiven Noise-Cancelling (ANC) und einen transparenten Modus aus, um Umgebungsger\u00e4usche zu unterdr\u00fccken oder bewusst wahrzunehmen. Dank des Apple H1-Chips in jedem Ohrmuschel bieten die AirPods Max eine ultra-schnelle Verbindung und hervorragende Klangverarbeitung in Echtzeit. Der [&hellip;]<\/p>\n","protected":false},"featured_media":340,"template":"","meta":[],"product_cat":[34],"product_tag":[],"class_list":{"0":"post-339","1":"product","2":"type-product","3":"status-publish","4":"has-post-thumbnail","6":"product_cat-autos-und-fahrzeuge","8":"first","9":"instock","10":"taxable","11":"shipping-taxable","12":"purchasable","13":"product-type-simple"},"_links":{"self":[{"href":"https:\/\/actionmall.act.at\/shop\/2567\/wp-json\/wp\/v2\/product\/339"}],"collection":[{"href":"https:\/\/actionmall.act.at\/shop\/2567\/wp-json\/wp\/v2\/product"}],"about":[{"href":"https:\/\/actionmall.act.at\/shop\/2567\/wp-json\/wp\/v2\/types\/product"}],"wp:featuredmedia":[{"embeddable":true,"href":"https:\/\/actionmall.act.at\/shop\/2567\/wp-json\/wp\/v2\/media\/340"}],"wp:attachment":[{"href":"https:\/\/actionmall.act.at\/shop\/2567\/wp-json\/wp\/v2\/media?parent=339"}],"wp:term":[{"taxonomy":"product_cat","embeddable":true,"href":"https:\/\/actionmall.act.at\/shop\/2567\/wp-json\/wp\/v2\/product_cat?post=339"},{"taxonomy":"product_tag","embeddable":true,"href":"https:\/\/actionmall.act.at\/shop\/2567\/wp-json\/wp\/v2\/product_tag?post=339"}],"curies":[{"name":"wp","href":"https:\/\/api.w.org\/{rel}","templated":true}]}}