{"id":419,"date":"2026-01-22T10:20:50","date_gmt":"2026-01-22T09:20:50","guid":{"rendered":"https:\/\/actionmall.act.at\/shop\/2567\/?post_type=product&#038;p=419"},"modified":"2026-01-22T10:20:50","modified_gmt":"2026-01-22T09:20:50","slug":"iphone-17-pro-silikon-case-mit-magsafe","status":"publish","type":"product","link":"https:\/\/actionmall.act.at\/shop\/2567\/produkt\/iphone-17-pro-silikon-case-mit-magsafe\/","title":{"rendered":"iPhone 17 Pro Silikon Case mit MagSafe"},"content":{"rendered":"<div class=\"flex flex-col text-sm pb-25\">\n<article class=\"text-token-text-primary w-full focus:outline-none [--shadow-height:45px] has-data-writing-block:pointer-events-none has-data-writing-block:-mt-(--shadow-height) has-data-writing-block:pt-(--shadow-height) [&#038;:has([data-writing-block])>*]:pointer-events-auto scroll-mt-[calc(var(&#8211;header-height)+min(200px,max(70px,20svh)))]&#8220; dir=&#8220;auto&#8220; data-turn-id=&#8220;request-WEB:63f96e63-0aa2-4e74-b39e-63621ec92461-3&#8243; data-testid=&#8220;conversation-turn-8&#8243; data-scroll-anchor=&#8220;true&#8220; data-turn=&#8220;assistant&#8220;><\/p>\n<div class=\"text-base my-auto mx-auto pb-10 [--thread-content-margin:--spacing(4)] @w-sm\/main:[--thread-content-margin:--spacing(6)] @w-lg\/main:[--thread-content-margin:--spacing(16)] px-(--thread-content-margin)\">\n<div class=\"[--thread-content-max-width:40rem] @w-lg\/main:[--thread-content-max-width:48rem] mx-auto max-w-(--thread-content-max-width) flex-1 group\/turn-messages focus-visible:outline-hidden relative flex w-full min-w-0 flex-col agent-turn\">\n<div class=\"flex max-w-full flex-col grow\">\n<div class=\"min-h-8 text-message relative flex w-full flex-col items-end gap-2 text-start break-words whitespace-normal [.text-message+&#038;]:mt-1\" dir=\"auto\" data-message-author-role=\"assistant\" data-message-id=\"5e1dfb46-74fa-4767-b289-fa08db4aba2b\" data-message-model-slug=\"gpt-5-2\">\n<div class=\"flex w-full flex-col gap-1 empty:hidden first:pt-[1px]\">\n<div class=\"markdown prose dark:prose-invert w-full wrap-break-word light markdown-new-styling\">\n<p data-start=\"63\" data-end=\"290\" data-is-last-node=\"\" data-is-only-node=\"\">Das Silikon Case mit MagSafe sch\u00fctzt das iPhone 17 Pro zuverl\u00e4ssig und stilvoll. Die weiche Oberfl\u00e4che liegt angenehm in der Hand, w\u00e4hrend integrierte MagSafe-Magnete kabelloses Laden und passendes Zubeh\u00f6r perfekt unterst\u00fctzen.<\/p>\n<\/div>\n<\/div>\n<\/div>\n<\/div>\n<div class=\"z-0 flex min-h-[46px] justify-start\"><\/div>\n<\/div>\n<\/div>\n<\/article>\n<\/div>\n<div class=\"pointer-events-none h-px w-px absolute bottom-0\" aria-hidden=\"true\" data-edge=\"true\"><\/div>\n","protected":false},"excerpt":{"rendered":"","protected":false},"featured_media":420,"template":"","meta":[],"product_cat":[],"product_tag":[],"class_list":{"0":"post-419","1":"product","2":"type-product","3":"status-publish","4":"has-post-thumbnail","7":"first","8":"instock","9":"taxable","10":"shipping-taxable","11":"purchasable","12":"product-type-simple"},"_links":{"self":[{"href":"https:\/\/actionmall.act.at\/shop\/2567\/wp-json\/wp\/v2\/product\/419"}],"collection":[{"href":"https:\/\/actionmall.act.at\/shop\/2567\/wp-json\/wp\/v2\/product"}],"about":[{"href":"https:\/\/actionmall.act.at\/shop\/2567\/wp-json\/wp\/v2\/types\/product"}],"wp:featuredmedia":[{"embeddable":true,"href":"https:\/\/actionmall.act.at\/shop\/2567\/wp-json\/wp\/v2\/media\/420"}],"wp:attachment":[{"href":"https:\/\/actionmall.act.at\/shop\/2567\/wp-json\/wp\/v2\/media?parent=419"}],"wp:term":[{"taxonomy":"product_cat","embeddable":true,"href":"https:\/\/actionmall.act.at\/shop\/2567\/wp-json\/wp\/v2\/product_cat?post=419"},{"taxonomy":"product_tag","embeddable":true,"href":"https:\/\/actionmall.act.at\/shop\/2567\/wp-json\/wp\/v2\/product_tag?post=419"}],"curies":[{"name":"wp","href":"https:\/\/api.w.org\/{rel}","templated":true}]}}