{"id":426,"date":"2026-01-22T10:28:37","date_gmt":"2026-01-22T09:28:37","guid":{"rendered":"https:\/\/actionmall.act.at\/shop\/2567\/?post_type=product&#038;p=426"},"modified":"2026-01-22T10:28:37","modified_gmt":"2026-01-22T09:28:37","slug":"iphone-air-magsafe-batterie","status":"publish","type":"product","link":"https:\/\/actionmall.act.at\/shop\/2567\/produkt\/iphone-air-magsafe-batterie\/","title":{"rendered":"iPhone Air MagSafe Batterie"},"content":{"rendered":"<p>Das MagSafe\u2011Akkupack f\u00fcr das <strong data-start=\"91\" data-end=\"105\">iPhone Air<\/strong> verl\u00e4ngert die Laufzeit deines Ger\u00e4ts kabellos und magnetisch. Es ist d\u00fcnn, leicht und speziell auf das ultraschlanke iPhone Air abgestimmt, liefert unterwegs zus\u00e4tzliche Leistung und unterst\u00fctzt schnelles kabelloses Laden.<\/p>\n","protected":false},"excerpt":{"rendered":"<p>Das MagSafe\u2011Akkupack f\u00fcr das iPhone Air verl\u00e4ngert die Laufzeit deines Ger\u00e4ts kabellos und magnetisch. Es ist d\u00fcnn, leicht und speziell auf das ultraschlanke iPhone Air abgestimmt, liefert unterwegs zus\u00e4tzliche Leistung und unterst\u00fctzt schnelles kabelloses Laden.<\/p>\n","protected":false},"featured_media":427,"template":"","meta":[],"product_cat":[],"product_tag":[],"class_list":{"0":"post-426","1":"product","2":"type-product","3":"status-publish","4":"has-post-thumbnail","7":"first","8":"instock","9":"taxable","10":"shipping-taxable","11":"purchasable","12":"product-type-simple"},"_links":{"self":[{"href":"https:\/\/actionmall.act.at\/shop\/2567\/wp-json\/wp\/v2\/product\/426"}],"collection":[{"href":"https:\/\/actionmall.act.at\/shop\/2567\/wp-json\/wp\/v2\/product"}],"about":[{"href":"https:\/\/actionmall.act.at\/shop\/2567\/wp-json\/wp\/v2\/types\/product"}],"wp:featuredmedia":[{"embeddable":true,"href":"https:\/\/actionmall.act.at\/shop\/2567\/wp-json\/wp\/v2\/media\/427"}],"wp:attachment":[{"href":"https:\/\/actionmall.act.at\/shop\/2567\/wp-json\/wp\/v2\/media?parent=426"}],"wp:term":[{"taxonomy":"product_cat","embeddable":true,"href":"https:\/\/actionmall.act.at\/shop\/2567\/wp-json\/wp\/v2\/product_cat?post=426"},{"taxonomy":"product_tag","embeddable":true,"href":"https:\/\/actionmall.act.at\/shop\/2567\/wp-json\/wp\/v2\/product_tag?post=426"}],"curies":[{"name":"wp","href":"https:\/\/api.w.org\/{rel}","templated":true}]}}