{"id":432,"date":"2026-01-22T10:34:58","date_gmt":"2026-01-22T09:34:58","guid":{"rendered":"https:\/\/actionmall.act.at\/shop\/2567\/?post_type=product&#038;p=432"},"modified":"2026-02-02T11:38:19","modified_gmt":"2026-02-02T10:38:19","slug":"iphone-air-case-mit-magsafe","status":"publish","type":"product","link":"https:\/\/actionmall.act.at\/shop\/2567\/produkt\/iphone-air-case-mit-magsafe\/","title":{"rendered":"iPhone Air Case mit MagSafe"},"content":{"rendered":"<p>Das iPhone Air Case mit MagSafe sch\u00fctzt das iPhone Air stilvoll und sicher. Dank integrierter MagSafe\u2011Magneten l\u00e4sst es sich schnell mit kompatiblem Zubeh\u00f6r verbinden und unterst\u00fctzt kabelloses Laden ohne Entfernen des Cases.<\/p>\n","protected":false},"excerpt":{"rendered":"<p>Das iPhone Air Case mit MagSafe sch\u00fctzt das iPhone Air stilvoll und sicher. Dank integrierter MagSafe\u2011Magneten l\u00e4sst es sich schnell mit kompatiblem Zubeh\u00f6r verbinden und unterst\u00fctzt kabelloses Laden ohne Entfernen des Cases.<\/p>\n","protected":false},"featured_media":433,"template":"","meta":[],"product_cat":[],"product_tag":[],"class_list":{"0":"post-432","1":"product","2":"type-product","3":"status-publish","4":"has-post-thumbnail","7":"first","8":"instock","9":"taxable","10":"shipping-taxable","11":"purchasable","12":"product-type-simple"},"_links":{"self":[{"href":"https:\/\/actionmall.act.at\/shop\/2567\/wp-json\/wp\/v2\/product\/432"}],"collection":[{"href":"https:\/\/actionmall.act.at\/shop\/2567\/wp-json\/wp\/v2\/product"}],"about":[{"href":"https:\/\/actionmall.act.at\/shop\/2567\/wp-json\/wp\/v2\/types\/product"}],"wp:featuredmedia":[{"embeddable":true,"href":"https:\/\/actionmall.act.at\/shop\/2567\/wp-json\/wp\/v2\/media\/433"}],"wp:attachment":[{"href":"https:\/\/actionmall.act.at\/shop\/2567\/wp-json\/wp\/v2\/media?parent=432"}],"wp:term":[{"taxonomy":"product_cat","embeddable":true,"href":"https:\/\/actionmall.act.at\/shop\/2567\/wp-json\/wp\/v2\/product_cat?post=432"},{"taxonomy":"product_tag","embeddable":true,"href":"https:\/\/actionmall.act.at\/shop\/2567\/wp-json\/wp\/v2\/product_tag?post=432"}],"curies":[{"name":"wp","href":"https:\/\/api.w.org\/{rel}","templated":true}]}}