{"id":354,"date":"2026-03-23T15:16:33","date_gmt":"2026-03-23T14:16:33","guid":{"rendered":"https:\/\/actionmall.act.at\/shop\/2610\/?post_type=product&#038;p=354"},"modified":"2026-03-23T15:58:33","modified_gmt":"2026-03-23T14:58:33","slug":"luxus-trueffel","status":"publish","type":"product","link":"https:\/\/actionmall.act.at\/shop\/2610\/en\/produkt\/luxus-trueffel\/","title":{"rendered":"Luxus &#038; Tr\u00fcffel"},"content":{"rendered":"<p>Ein opulentes 4-G\u00e4nge-Tr\u00fcffel-Erlebnis der Extraklasse.<br \/>\n1. \u00a0<b>Carne Cruda all\u2019Albese<\/b><br \/>\nZart gehacktes rohes Rind, veredelt mit frischem wei\u00dfen Tr\u00fcffel und bestem Oliven\u00f6l \u2013 purer Luxus pur.<br \/>\n2. \u00a0<b>Sanft pochierter Hummer<\/b><br \/>\nButterzarter Hummer in geschmolzener Tr\u00fcffelbutter, gekr\u00f6nt mit feinstem<br \/>\n3. \u00a0<b>Tr\u00fcffel-Espuma<\/b><br \/>\nLeichte, luftig aufgeschlagene Tr\u00fcffelwolke als aromatischer Gaumenschmeichler.<br \/>\n4. \u00a0<b>Tr\u00fcffel-Tiramis\u00f9 mit Maroni-Reis<\/b><br \/>\nCremiges Tiramis\u00f9 mit intensiver Tr\u00fcffelnote, geschichtet mit Maroni-Reis und ger\u00f6steten Kastanien \u2013 s\u00fc\u00df-erdig,<br \/>\nExklusiv. Intensiv. Unvergesslich.<br \/>\nF\u00fcr Abende, die mehr als gew\u00f6hnlich sein sollen.<\/p>\n<p><span data-teams=\"true\">\u00a0<\/span><\/p>\n","protected":false},"excerpt":{"rendered":"<p>Ein opulentes 4-G\u00e4nge-Tr\u00fcffel-Erlebnis der Extraklasse. 1. \u00a0Carne Cruda all\u2019Albese Zart gehacktes rohes Rind, veredelt mit frischem wei\u00dfen Tr\u00fcffel und bestem Oliven\u00f6l \u2013 purer Luxus pur. 2. \u00a0Sanft pochierter Hummer Butterzarter Hummer in geschmolzener Tr\u00fcffelbutter, gekr\u00f6nt mit feinstem 3. \u00a0Tr\u00fcffel-Espuma Leichte, luftig aufgeschlagene Tr\u00fcffelwolke als aromatischer Gaumenschmeichler. 4. \u00a0Tr\u00fcffel-Tiramis\u00f9 mit Maroni-Reis Cremiges Tiramis\u00f9 mit intensiver Tr\u00fcffelnote, [&hellip;]<\/p>\n","protected":false},"featured_media":355,"template":"","meta":[],"product_cat":[44],"product_tag":[],"class_list":{"0":"post-354","1":"product","2":"type-product","3":"status-publish","4":"has-post-thumbnail","6":"product_cat-essen-und-trinken","8":"first","9":"instock","10":"taxable","11":"shipping-taxable","12":"purchasable","13":"product-type-simple"},"_links":{"self":[{"href":"https:\/\/actionmall.act.at\/shop\/2610\/en\/wp-json\/wp\/v2\/product\/354"}],"collection":[{"href":"https:\/\/actionmall.act.at\/shop\/2610\/en\/wp-json\/wp\/v2\/product"}],"about":[{"href":"https:\/\/actionmall.act.at\/shop\/2610\/en\/wp-json\/wp\/v2\/types\/product"}],"wp:featuredmedia":[{"embeddable":true,"href":"https:\/\/actionmall.act.at\/shop\/2610\/en\/wp-json\/wp\/v2\/media\/355"}],"wp:attachment":[{"href":"https:\/\/actionmall.act.at\/shop\/2610\/en\/wp-json\/wp\/v2\/media?parent=354"}],"wp:term":[{"taxonomy":"product_cat","embeddable":true,"href":"https:\/\/actionmall.act.at\/shop\/2610\/en\/wp-json\/wp\/v2\/product_cat?post=354"},{"taxonomy":"product_tag","embeddable":true,"href":"https:\/\/actionmall.act.at\/shop\/2610\/en\/wp-json\/wp\/v2\/product_tag?post=354"}],"curies":[{"name":"wp","href":"https:\/\/api.w.org\/{rel}","templated":true}]}}