{"id":375,"date":"2026-04-20T15:20:53","date_gmt":"2026-04-20T13:20:53","guid":{"rendered":"https:\/\/actionmall.act.at\/shop\/2610\/?post_type=product&#038;p=375"},"modified":"2026-04-20T15:20:53","modified_gmt":"2026-04-20T13:20:53","slug":"modern-vegetarisch","status":"publish","type":"product","link":"https:\/\/actionmall.act.at\/shop\/2610\/en\/produkt\/modern-vegetarisch\/","title":{"rendered":"Modern &#038; Vegetarisch"},"content":{"rendered":"<div class=\"flex flex-col text-sm\">\n<section class=\"text-token-text-primary w-full focus:outline-none [--shadow-height:45px] has-data-writing-block:pointer-events-none has-data-writing-block:-mt-(--shadow-height) has-data-writing-block:pt-(--shadow-height) [&#038;:has([data-writing-block])>*]:pointer-events-auto [content-visibility:auto] supports-[content-visibility:auto]:[contain-intrinsic-size:auto_100lvh] scroll-mt-[calc(var(&#8211;header-height)+min(200px,max(70px,20svh)))]&#8221; dir=&#8221;auto&#8221; data-turn-id=&#8221;request-WEB:d96e5eb4-b109-44a2-909f-cadcef00ea1e-0&#8243; data-testid=&#8221;conversation-turn-2&#8243; data-scroll-anchor=&#8221;true&#8221; data-turn=&#8221;assistant&#8221;><\/p>\n<div class=\"text-base my-auto mx-auto pb-10 [--thread-content-margin:var(--thread-content-margin-xs,calc(var(--spacing)*4))] @w-sm\/main:[--thread-content-margin:var(--thread-content-margin-sm,calc(var(--spacing)*6))] @w-lg\/main:[--thread-content-margin:var(--thread-content-margin-lg,calc(var(--spacing)*16))] px-(--thread-content-margin)\">\n<div class=\"[--thread-content-max-width:40rem] @w-lg\/main:[--thread-content-max-width:48rem] mx-auto max-w-(--thread-content-max-width) flex-1 group\/turn-messages focus-visible:outline-hidden relative flex w-full min-w-0 flex-col agent-turn\">\n<div class=\"flex max-w-full flex-col gap-4 grow\">\n<div class=\"min-h-8 text-message relative flex w-full flex-col items-end gap-2 text-start break-words whitespace-normal outline-none keyboard-focused:focus-ring [.text-message+&#038;]:mt-1\" dir=\"auto\" data-message-author-role=\"assistant\" data-message-id=\"7a20dc7b-238c-4ca9-8dec-86ee1945a4e1\" data-message-model-slug=\"gpt-5-3\" data-turn-start-message=\"true\">\n<div class=\"flex w-full flex-col gap-1 empty:hidden\">\n<div class=\"markdown prose dark:prose-invert w-full wrap-break-word light markdown-new-styling\">\n<p data-start=\"0\" data-end=\"123\">Ein elegantes 4-G\u00e4nge-Men\u00fc, das moderne Leichtigkeit mit vegetarischer Raffinesse vereint. Fein. Aromatisch. Unvergesslich.<\/p>\n<p data-start=\"125\" data-end=\"297\"><strong data-start=\"125\" data-end=\"162\">1. Burrata auf ger\u00f6steten Tomaten<\/strong><br data-start=\"162\" data-end=\"165\" \/>Cremige Burrata, gebettet auf lauwarm geschmolzenen Ofentomaten, veredelt mit duftendem Basilikum\u00f6l \u2013 frisch, samtig und harmonisch.<\/p>\n<p data-start=\"299\" data-end=\"430\"><strong data-start=\"299\" data-end=\"321\">2. Tr\u00fcffel-Risotto<\/strong><br data-start=\"321\" data-end=\"324\" \/>S\u00e4mig ger\u00fchrter Risotto-Reis, verfeinert mit edlem schwarzen Tr\u00fcffel \u2013 intensiv, elegant und voller Tiefe.<\/p>\n<p data-start=\"432\" data-end=\"589\"><strong data-start=\"432\" data-end=\"462\">3. Gef\u00fcllte Zucchinibl\u00fcten<\/strong><br data-start=\"462\" data-end=\"465\" \/>Knusprig ausgebackene Zucchinibl\u00fcten, gef\u00fcllt mit feinem Ricotta und aromatischen Kr\u00e4utern \u2013 leicht, duftend und raffiniert.<\/p>\n<p data-start=\"591\" data-end=\"729\"><strong data-start=\"591\" data-end=\"619\">4. Pistazien-Panna-Cotta<\/strong><br data-start=\"619\" data-end=\"622\" \/>Zartschmelzende Panna Cotta mit feiner Pistaziennote und einem Hauch Vanille \u2013 cremig, subtil und stilvoll.<\/p>\n<p data-start=\"731\" data-end=\"835\" data-is-last-node=\"\" data-is-only-node=\"\">Modern. Vegetarisch. Zeitlos.<br data-start=\"760\" data-end=\"763\" \/>F\u00fcr Genie\u00dfer, die pflanzliche K\u00fcche auf h\u00f6chstem Niveau erleben m\u00f6chten.<\/p>\n<\/div>\n<\/div>\n<\/div>\n<\/div>\n<div class=\"z-0 flex min-h-[46px] justify-start\"><\/div>\n<\/div>\n<\/div>\n<\/section>\n<\/div>\n<div class=\"pointer-events-none h-px w-px absolute bottom-0\" aria-hidden=\"true\" data-edge=\"true\"><\/div>\n","protected":false},"excerpt":{"rendered":"","protected":false},"featured_media":376,"template":"","meta":[],"product_cat":[44],"product_tag":[],"class_list":{"0":"post-375","1":"product","2":"type-product","3":"status-publish","4":"has-post-thumbnail","6":"product_cat-essen-und-trinken","8":"first","9":"instock","10":"taxable","11":"shipping-taxable","12":"purchasable","13":"product-type-simple"},"_links":{"self":[{"href":"https:\/\/actionmall.act.at\/shop\/2610\/en\/wp-json\/wp\/v2\/product\/375"}],"collection":[{"href":"https:\/\/actionmall.act.at\/shop\/2610\/en\/wp-json\/wp\/v2\/product"}],"about":[{"href":"https:\/\/actionmall.act.at\/shop\/2610\/en\/wp-json\/wp\/v2\/types\/product"}],"wp:featuredmedia":[{"embeddable":true,"href":"https:\/\/actionmall.act.at\/shop\/2610\/en\/wp-json\/wp\/v2\/media\/376"}],"wp:attachment":[{"href":"https:\/\/actionmall.act.at\/shop\/2610\/en\/wp-json\/wp\/v2\/media?parent=375"}],"wp:term":[{"taxonomy":"product_cat","embeddable":true,"href":"https:\/\/actionmall.act.at\/shop\/2610\/en\/wp-json\/wp\/v2\/product_cat?post=375"},{"taxonomy":"product_tag","embeddable":true,"href":"https:\/\/actionmall.act.at\/shop\/2610\/en\/wp-json\/wp\/v2\/product_tag?post=375"}],"curies":[{"name":"wp","href":"https:\/\/api.w.org\/{rel}","templated":true}]}}