{"id":357,"date":"2026-03-23T15:21:02","date_gmt":"2026-03-23T14:21:02","guid":{"rendered":"https:\/\/actionmall.act.at\/shop\/2610\/?post_type=product&#038;p=357"},"modified":"2026-03-23T15:58:56","modified_gmt":"2026-03-23T14:58:56","slug":"edel-international","status":"publish","type":"product","link":"https:\/\/actionmall.act.at\/shop\/2610\/produkt\/edel-international\/","title":{"rendered":"Edel &#038; International"},"content":{"rendered":"<p>Ein exklusives 4-G\u00e4nge-Erlebnis der internationalen Spitzenk\u00fcche.<br \/>\n1. <b>Tiger-Garnelen-Salat<\/b><br \/>\nSaftig gegrillte Tiger-Garnelen auf frischem Salatbett \u2013 fein abgestimmt, leicht und voller aromatischer Frische.<br \/>\n2. <b>Wagyu-Tatar<\/b><br \/>\nZartes Wagyu, roh und raffiniert gew\u00fcrzt \u2013 intensiv im Geschmack, mit unvergleichlich feiner Textur.<br \/>\n3. <b>Wagyu-Steak<\/b><br \/>\nAuf offenem Grill perfekt zubereitet, medium-rare serviert \u2013 butterzart, saftig und von h\u00f6chster Qualit\u00e4t.<br \/>\n4. <b>Byakuya-Eiscreme<\/b><br \/>\nHausgemacht, sanft gefroren und dezent s\u00fc\u00df \u2013 ein eleganter, harmonischer Abschluss.<\/p>\n<p>International. Edel. Unvergesslich.<br \/>\nF\u00fcr Genie\u00dfer, die das Au\u00dfergew\u00f6hnliche suchen.<\/p>\n<p><span data-teams=\"true\">\u00a0<\/span><\/p>\n","protected":false},"excerpt":{"rendered":"<p>Ein exklusives 4-G\u00e4nge-Erlebnis der internationalen Spitzenk\u00fcche. 1. Tiger-Garnelen-Salat Saftig gegrillte Tiger-Garnelen auf frischem Salatbett \u2013 fein abgestimmt, leicht und voller aromatischer Frische. 2. Wagyu-Tatar Zartes Wagyu, roh und raffiniert gew\u00fcrzt \u2013 intensiv im Geschmack, mit unvergleichlich feiner Textur. 3. Wagyu-Steak Auf offenem Grill perfekt zubereitet, medium-rare serviert \u2013 butterzart, saftig und von h\u00f6chster Qualit\u00e4t. 4. [&hellip;]<\/p>\n","protected":false},"featured_media":358,"template":"","meta":[],"product_cat":[44],"product_tag":[],"class_list":{"0":"post-357","1":"product","2":"type-product","3":"status-publish","4":"has-post-thumbnail","6":"product_cat-essen-und-trinken","8":"first","9":"instock","10":"taxable","11":"shipping-taxable","12":"purchasable","13":"product-type-simple"},"_links":{"self":[{"href":"https:\/\/actionmall.act.at\/shop\/2610\/wp-json\/wp\/v2\/product\/357"}],"collection":[{"href":"https:\/\/actionmall.act.at\/shop\/2610\/wp-json\/wp\/v2\/product"}],"about":[{"href":"https:\/\/actionmall.act.at\/shop\/2610\/wp-json\/wp\/v2\/types\/product"}],"wp:featuredmedia":[{"embeddable":true,"href":"https:\/\/actionmall.act.at\/shop\/2610\/wp-json\/wp\/v2\/media\/358"}],"wp:attachment":[{"href":"https:\/\/actionmall.act.at\/shop\/2610\/wp-json\/wp\/v2\/media?parent=357"}],"wp:term":[{"taxonomy":"product_cat","embeddable":true,"href":"https:\/\/actionmall.act.at\/shop\/2610\/wp-json\/wp\/v2\/product_cat?post=357"},{"taxonomy":"product_tag","embeddable":true,"href":"https:\/\/actionmall.act.at\/shop\/2610\/wp-json\/wp\/v2\/product_tag?post=357"}],"curies":[{"name":"wp","href":"https:\/\/api.w.org\/{rel}","templated":true}]}}