{"id":255,"date":"2026-04-23T15:18:01","date_gmt":"2026-04-23T13:18:01","guid":{"rendered":"https:\/\/actionmall.act.at\/shop\/2713\/?post_type=product&#038;p=255"},"modified":"2026-04-23T16:21:05","modified_gmt":"2026-04-23T14:21:05","slug":"turnschuhe","status":"publish","type":"product","link":"https:\/\/actionmall.act.at\/shop\/2713\/produkt\/turnschuhe\/","title":{"rendered":"Turnschuhe"},"content":{"rendered":"<p>Absatzh\u00f6he:1cm<\/p>\n<p>Obermaterial: Synthetikkombination, Textil<\/p>\n<p>Innenmaterial: Synthetik<\/p>\n<p>Sohlenausf\u00fchrung: dicksohlig<\/p>\n<p>Sohlenmaterial: Kunststoff<\/p>\n<p>Verschluss: Schn\u00fcrung<img loading=\"lazy\" decoding=\"async\" class=\"alignnone size-medium\" src=\"https:\/\/penapps.blob.core.windows.net\/prod\/Marketplace\/enterprises\/at010002713\/products\/34e7217f_0326_496a_8397_33a416b6d64b\/images\/9acde6b8_8504_4195_8f3a_f15ae73e8322\" width=\"1800\" height=\"1600\" \/><\/p>\n","protected":false},"excerpt":{"rendered":"<p>Absatzh\u00f6he:1cm Obermaterial: Synthetikkombination, Textil Innenmaterial: Synthetik Sohlenausf\u00fchrung: dicksohlig Sohlenmaterial: Kunststoff Verschluss: Schn\u00fcrung<\/p>\n","protected":false},"featured_media":262,"template":"","meta":[],"product_cat":[35,45],"product_tag":[],"class_list":{"0":"post-255","1":"product","2":"type-product","3":"status-publish","4":"has-post-thumbnail","6":"product_cat-bekleidung-und-zubehoer","7":"product_cat-sport-veranstaltungen-hobbies","9":"first","10":"instock","11":"taxable","12":"shipping-taxable","13":"purchasable","14":"product-type-simple"},"_links":{"self":[{"href":"https:\/\/actionmall.act.at\/shop\/2713\/wp-json\/wp\/v2\/product\/255"}],"collection":[{"href":"https:\/\/actionmall.act.at\/shop\/2713\/wp-json\/wp\/v2\/product"}],"about":[{"href":"https:\/\/actionmall.act.at\/shop\/2713\/wp-json\/wp\/v2\/types\/product"}],"wp:featuredmedia":[{"embeddable":true,"href":"https:\/\/actionmall.act.at\/shop\/2713\/wp-json\/wp\/v2\/media\/262"}],"wp:attachment":[{"href":"https:\/\/actionmall.act.at\/shop\/2713\/wp-json\/wp\/v2\/media?parent=255"}],"wp:term":[{"taxonomy":"product_cat","embeddable":true,"href":"https:\/\/actionmall.act.at\/shop\/2713\/wp-json\/wp\/v2\/product_cat?post=255"},{"taxonomy":"product_tag","embeddable":true,"href":"https:\/\/actionmall.act.at\/shop\/2713\/wp-json\/wp\/v2\/product_tag?post=255"}],"curies":[{"name":"wp","href":"https:\/\/api.w.org\/{rel}","templated":true}]}}