{"id":258,"date":"2026-04-23T15:24:19","date_gmt":"2026-04-23T13:24:19","guid":{"rendered":"https:\/\/actionmall.act.at\/shop\/2713\/?post_type=product&#038;p=258"},"modified":"2026-04-23T16:19:44","modified_gmt":"2026-04-23T14:19:44","slug":"laufschuhe","status":"publish","type":"product","link":"https:\/\/actionmall.act.at\/shop\/2713\/produkt\/laufschuhe\/","title":{"rendered":"Laufschuhe"},"content":{"rendered":"<p>-Mittelsohlemd\u00e4mpfung BIOMOGO DNA<\/p>\n<p>-Progressive diagonal ROLL BAR<\/p>\n<p>-Durchgehendes Segmented CRASH PAD<\/p>\n<p>-Weichere Seitenausf\u00fchrung<\/p>\n<p>-Asymmetrische Sattelkonstruktion mit einstellbaren \u00d6sen<img loading=\"lazy\" decoding=\"async\" class=\"alignnone size-medium\" src=\"https:\/\/penapps.blob.core.windows.net\/prod\/Marketplace\/enterprises\/at010002713\/products\/ee3643a9_d8bb_4f67_b48e_f1334c144d5f\/images\/4ee0f46c_4ef0_4896_b31e_337d563b22f6\" width=\"474\" height=\"474\" \/><\/p>\n","protected":false},"excerpt":{"rendered":"<p>-Mittelsohlemd\u00e4mpfung BIOMOGO DNA -Progressive diagonal ROLL BAR -Durchgehendes Segmented CRASH PAD -Weichere Seitenausf\u00fchrung -Asymmetrische Sattelkonstruktion mit einstellbaren \u00d6sen<\/p>\n","protected":false},"featured_media":265,"template":"","meta":[],"product_cat":[35,45],"product_tag":[],"class_list":{"0":"post-258","1":"product","2":"type-product","3":"status-publish","4":"has-post-thumbnail","6":"product_cat-bekleidung-und-zubehoer","7":"product_cat-sport-veranstaltungen-hobbies","9":"first","10":"instock","11":"taxable","12":"shipping-taxable","13":"purchasable","14":"product-type-simple"},"_links":{"self":[{"href":"https:\/\/actionmall.act.at\/shop\/2713\/wp-json\/wp\/v2\/product\/258"}],"collection":[{"href":"https:\/\/actionmall.act.at\/shop\/2713\/wp-json\/wp\/v2\/product"}],"about":[{"href":"https:\/\/actionmall.act.at\/shop\/2713\/wp-json\/wp\/v2\/types\/product"}],"wp:featuredmedia":[{"embeddable":true,"href":"https:\/\/actionmall.act.at\/shop\/2713\/wp-json\/wp\/v2\/media\/265"}],"wp:attachment":[{"href":"https:\/\/actionmall.act.at\/shop\/2713\/wp-json\/wp\/v2\/media?parent=258"}],"wp:term":[{"taxonomy":"product_cat","embeddable":true,"href":"https:\/\/actionmall.act.at\/shop\/2713\/wp-json\/wp\/v2\/product_cat?post=258"},{"taxonomy":"product_tag","embeddable":true,"href":"https:\/\/actionmall.act.at\/shop\/2713\/wp-json\/wp\/v2\/product_tag?post=258"}],"curies":[{"name":"wp","href":"https:\/\/api.w.org\/{rel}","templated":true}]}}