{"id":255,"date":"2025-10-07T14:02:27","date_gmt":"2025-10-07T12:02:27","guid":{"rendered":"https:\/\/actionmall.act.at\/shop\/2716\/?post_type=product&#038;p=255"},"modified":"2025-10-07T14:02:27","modified_gmt":"2025-10-07T12:02:27","slug":"feuerloeschspray-625","status":"publish","type":"product","link":"https:\/\/actionmall.act.at\/shop\/2716\/produkt\/feuerloeschspray-625\/","title":{"rendered":"Feuerl\u00f6schspray 625"},"content":{"rendered":"<p>&nbsp;<\/p>\n<ul>\n<li><strong>F\u00fcllmenge: 625ml<\/strong><\/li>\n<li><strong>Brandklassen: A,B,F<\/strong><\/li>\n<li>Einfache und sichere Bedienung- wie eine Spr\u00fchdose<\/li>\n<li>Geringes Gewicht &#8211; zum Mitnehmen geeignet<\/li>\n<li>Geeignet f\u00fcr Entstehungsbr\u00e4nde bei festen und fl\u00fcssigen Stoffen und Speisefette sowie -\u00f6le<\/li>\n<li>Einsatz bei elektrischen Anlagen bis zu 1000 V<\/li>\n<li>Reichweite bis zu 4,5 m<\/li>\n<li>Ca. 30 Sekunden Spr\u00fchzeit<\/li>\n<li>Robustes und hochwertiges Material<\/li>\n<li>Schlag- und sto\u00dffest<\/li>\n<\/ul>\n","protected":false},"excerpt":{"rendered":"<p>Einfache und sichere Bedienung wie eine Spr\u00fchdose!<\/p>\n<p>Kompakt und leicht zu benutzen f\u00fcr jeden!<\/p>\n<p>F\u00fcllmenge: 625ml<\/p>\n<p>Brandklassen: A, B, F<\/p>\n","protected":false},"featured_media":256,"template":"","meta":[],"product_cat":[],"product_tag":[],"class_list":{"0":"post-255","1":"product","2":"type-product","3":"status-publish","4":"has-post-thumbnail","7":"first","8":"instock","9":"taxable","10":"shipping-taxable","11":"purchasable","12":"product-type-simple"},"_links":{"self":[{"href":"https:\/\/actionmall.act.at\/shop\/2716\/wp-json\/wp\/v2\/product\/255"}],"collection":[{"href":"https:\/\/actionmall.act.at\/shop\/2716\/wp-json\/wp\/v2\/product"}],"about":[{"href":"https:\/\/actionmall.act.at\/shop\/2716\/wp-json\/wp\/v2\/types\/product"}],"wp:featuredmedia":[{"embeddable":true,"href":"https:\/\/actionmall.act.at\/shop\/2716\/wp-json\/wp\/v2\/media\/256"}],"wp:attachment":[{"href":"https:\/\/actionmall.act.at\/shop\/2716\/wp-json\/wp\/v2\/media?parent=255"}],"wp:term":[{"taxonomy":"product_cat","embeddable":true,"href":"https:\/\/actionmall.act.at\/shop\/2716\/wp-json\/wp\/v2\/product_cat?post=255"},{"taxonomy":"product_tag","embeddable":true,"href":"https:\/\/actionmall.act.at\/shop\/2716\/wp-json\/wp\/v2\/product_tag?post=255"}],"curies":[{"name":"wp","href":"https:\/\/api.w.org\/{rel}","templated":true}]}}