{"id":259,"date":"2025-10-07T15:07:31","date_gmt":"2025-10-07T13:07:31","guid":{"rendered":"https:\/\/actionmall.act.at\/shop\/2716\/?post_type=product&#038;p=259"},"modified":"2025-10-07T15:07:31","modified_gmt":"2025-10-07T13:07:31","slug":"kohlendioxid-feuerloescher-5-se","status":"publish","type":"product","link":"https:\/\/actionmall.act.at\/shop\/2716\/produkt\/kohlendioxid-feuerloescher-5-se\/","title":{"rendered":"Kohlendioxid Feuerl\u00f6scher 5 SE"},"content":{"rendered":"<ul>\n<li>F\u00fcllmenge: 5kg<\/li>\n<li>Brandklassen: B<\/li>\n<li>L\u00f6scheinheiten: 5<\/li>\n<li>Sehr gute L\u00f6schleistung<\/li>\n<li>Einfache und intuitive Bedienung<\/li>\n<li>Optimale Handhabung<\/li>\n<li>Isolierter Handgriff gegen K\u00e4lte\u00fcbertragung<\/li>\n<li>Geeignet f\u00fcr fl\u00fcssig und fl\u00fcssig-werdende Stoffe, speziell in EDV-R\u00e4umen oder bei elektrischen Ger\u00e4ten<\/li>\n<li>Robuste und hochwertige Bauweise<\/li>\n<li>Geringes Gewicht bei Aluminiumbeh\u00e4lter<\/li>\n<li>Beh\u00e4lter aus Qualit\u00e4tsstahl, schlagfest und schadstofffreie Polyharz-Pulverbeschichtung<\/li>\n<li>Fu\u00dfring mit Schlauchaufnahme<\/li>\n<li>\u00d6NORM EN3<\/li>\n<\/ul>\n","protected":false},"excerpt":{"rendered":"<p>F\u00fcllmenge: 5 kg<\/p>\n<p>Aktive und schnelle L\u00f6schung von Br\u00e4nden der Klasse B mit 5 L\u00f6scheinheiten<\/p>\n","protected":false},"featured_media":260,"template":"","meta":[],"product_cat":[],"product_tag":[],"class_list":{"0":"post-259","1":"product","2":"type-product","3":"status-publish","4":"has-post-thumbnail","7":"first","8":"instock","9":"taxable","10":"shipping-taxable","11":"purchasable","12":"product-type-simple"},"_links":{"self":[{"href":"https:\/\/actionmall.act.at\/shop\/2716\/wp-json\/wp\/v2\/product\/259"}],"collection":[{"href":"https:\/\/actionmall.act.at\/shop\/2716\/wp-json\/wp\/v2\/product"}],"about":[{"href":"https:\/\/actionmall.act.at\/shop\/2716\/wp-json\/wp\/v2\/types\/product"}],"wp:featuredmedia":[{"embeddable":true,"href":"https:\/\/actionmall.act.at\/shop\/2716\/wp-json\/wp\/v2\/media\/260"}],"wp:attachment":[{"href":"https:\/\/actionmall.act.at\/shop\/2716\/wp-json\/wp\/v2\/media?parent=259"}],"wp:term":[{"taxonomy":"product_cat","embeddable":true,"href":"https:\/\/actionmall.act.at\/shop\/2716\/wp-json\/wp\/v2\/product_cat?post=259"},{"taxonomy":"product_tag","embeddable":true,"href":"https:\/\/actionmall.act.at\/shop\/2716\/wp-json\/wp\/v2\/product_tag?post=259"}],"curies":[{"name":"wp","href":"https:\/\/api.w.org\/{rel}","templated":true}]}}