{"id":262,"date":"2025-10-07T15:13:07","date_gmt":"2025-10-07T13:13:07","guid":{"rendered":"https:\/\/actionmall.act.at\/shop\/2716\/?post_type=product&#038;p=262"},"modified":"2025-10-07T15:13:16","modified_gmt":"2025-10-07T13:13:16","slug":"kohlendioxid-feuerloescher-2-sbs","status":"publish","type":"product","link":"https:\/\/actionmall.act.at\/shop\/2716\/produkt\/kohlendioxid-feuerloescher-2-sbs\/","title":{"rendered":"Kohlendioxid Feuerl\u00f6scher 2 SBS"},"content":{"rendered":"<ul>\n<li>F\u00fcllmenge: 2kg und somit die kleinere Version zum 5 SE<\/li>\n<li>Brandklassen: B<\/li>\n<li>L\u00f6scheinheiten: 2<\/li>\n<li>Sehr gute L\u00f6schleistung<\/li>\n<li>Einfache und intuitive Bedienung<\/li>\n<li>Optimale Handhabung und kompakter im Gegensatz zu seinem Vorg\u00e4nger dem 5 SE<\/li>\n<li>Isolierter Handgriff gegen K\u00e4lte\u00fcbertragung<\/li>\n<li>Geeignet f\u00fcr fl\u00fcssig und fl\u00fcssig-werdende Stoffe, speziell in EDV-R\u00e4umen oder bei elektrischen Ger\u00e4ten<\/li>\n<li>Robuste und hochwertige Bauweise<\/li>\n<li>Geringes Gewicht bei Aluminiumbeh\u00e4lter<\/li>\n<li>Beh\u00e4lter aus Qualit\u00e4tsstahl, schlagfest und schadstofffreie Polyharz-Pulverbeschichtung<\/li>\n<li>Fu\u00dfring mit Schlauchaufnahme<\/li>\n<li>\u00d6NORM EN3<\/li>\n<\/ul>\n","protected":false},"excerpt":{"rendered":"<p>&nbsp;<\/p>\n<p>F\u00fcllmenge: 2kg<\/p>\n<p>Der Kohlendioxidl\u00f6scher in kompakterer und kleinerer Form mit nur einem Gewicht von 2,5kg und trotzdem 2 L\u00f6scheinheiten ist er am Markt ein Vorreiter.<\/p>\n","protected":false},"featured_media":260,"template":"","meta":[],"product_cat":[],"product_tag":[],"class_list":{"0":"post-262","1":"product","2":"type-product","3":"status-publish","4":"has-post-thumbnail","7":"first","8":"instock","9":"taxable","10":"shipping-taxable","11":"purchasable","12":"product-type-simple"},"_links":{"self":[{"href":"https:\/\/actionmall.act.at\/shop\/2716\/wp-json\/wp\/v2\/product\/262"}],"collection":[{"href":"https:\/\/actionmall.act.at\/shop\/2716\/wp-json\/wp\/v2\/product"}],"about":[{"href":"https:\/\/actionmall.act.at\/shop\/2716\/wp-json\/wp\/v2\/types\/product"}],"wp:featuredmedia":[{"embeddable":true,"href":"https:\/\/actionmall.act.at\/shop\/2716\/wp-json\/wp\/v2\/media\/260"}],"wp:attachment":[{"href":"https:\/\/actionmall.act.at\/shop\/2716\/wp-json\/wp\/v2\/media?parent=262"}],"wp:term":[{"taxonomy":"product_cat","embeddable":true,"href":"https:\/\/actionmall.act.at\/shop\/2716\/wp-json\/wp\/v2\/product_cat?post=262"},{"taxonomy":"product_tag","embeddable":true,"href":"https:\/\/actionmall.act.at\/shop\/2716\/wp-json\/wp\/v2\/product_tag?post=262"}],"curies":[{"name":"wp","href":"https:\/\/api.w.org\/{rel}","templated":true}]}}