{"id":266,"date":"2025-10-14T13:25:24","date_gmt":"2025-10-14T11:25:24","guid":{"rendered":"https:\/\/actionmall.act.at\/shop\/2716\/?post_type=product&#038;p=266"},"modified":"2025-10-14T13:25:24","modified_gmt":"2025-10-14T11:25:24","slug":"staygreen-schaumloescher","status":"publish","type":"product","link":"https:\/\/actionmall.act.at\/shop\/2716\/produkt\/staygreen-schaumloescher\/","title":{"rendered":"stayGREEN Schauml\u00f6scher"},"content":{"rendered":"<ul>\n<li>F\u00fcllmenge: 5l<\/li>\n<li>Brandklassen: A, B, F<\/li>\n<li>Gewicht: 5,4 kg<\/li>\n<li>Sehr hohe L\u00f6schleistung<\/li>\n<li>4 Jahre Wartungsfrei<\/li>\n<li>Made in Austria<\/li>\n<li>Geeignet f\u00fcr feste Stoffe, fl\u00fcssige Stoffe, Fette und \u00d6le<\/li>\n<li>Einsetzbar an elektrischen Anlagen bis 1000V<\/li>\n<li>Wieder bef\u00fcll bar<\/li>\n<li>Einfache und intuitive Bedienung<\/li>\n<li>Robuste und hochwertige Bauweise<\/li>\n<li>Kann \u00fcber Hausm\u00fcll entsorgt werden<\/li>\n<li>Nicht mit PFOSI, PFOA und Fluortenside belastet<\/li>\n<li>\u00d6NORM EN3<\/li>\n<\/ul>\n","protected":false},"excerpt":{"rendered":"<p>F\u00fcllmenge: 5l<\/p>\n<p>Brandklassen: A, B, F<\/p>\n<p>Die umweltfreundlichere Alternative, produziert direkt in \u00d6sterreich<\/p>\n","protected":false},"featured_media":267,"template":"","meta":[],"product_cat":[],"product_tag":[],"class_list":{"0":"post-266","1":"product","2":"type-product","3":"status-publish","4":"has-post-thumbnail","7":"first","8":"instock","9":"taxable","10":"shipping-taxable","11":"purchasable","12":"product-type-simple"},"_links":{"self":[{"href":"https:\/\/actionmall.act.at\/shop\/2716\/wp-json\/wp\/v2\/product\/266"}],"collection":[{"href":"https:\/\/actionmall.act.at\/shop\/2716\/wp-json\/wp\/v2\/product"}],"about":[{"href":"https:\/\/actionmall.act.at\/shop\/2716\/wp-json\/wp\/v2\/types\/product"}],"wp:featuredmedia":[{"embeddable":true,"href":"https:\/\/actionmall.act.at\/shop\/2716\/wp-json\/wp\/v2\/media\/267"}],"wp:attachment":[{"href":"https:\/\/actionmall.act.at\/shop\/2716\/wp-json\/wp\/v2\/media?parent=266"}],"wp:term":[{"taxonomy":"product_cat","embeddable":true,"href":"https:\/\/actionmall.act.at\/shop\/2716\/wp-json\/wp\/v2\/product_cat?post=266"},{"taxonomy":"product_tag","embeddable":true,"href":"https:\/\/actionmall.act.at\/shop\/2716\/wp-json\/wp\/v2\/product_tag?post=266"}],"curies":[{"name":"wp","href":"https:\/\/api.w.org\/{rel}","templated":true}]}}