{"id":268,"date":"2025-10-14T13:37:33","date_gmt":"2025-10-14T11:37:33","guid":{"rendered":"https:\/\/actionmall.act.at\/shop\/2716\/?post_type=product&#038;p=268"},"modified":"2026-02-10T14:28:15","modified_gmt":"2026-02-10T13:28:15","slug":"staygreen-feuerloesch-granate","status":"publish","type":"product","link":"https:\/\/actionmall.act.at\/shop\/2716\/produkt\/staygreen-feuerloesch-granate\/","title":{"rendered":"stayGREEN Feuerl\u00f6sch-Granate"},"content":{"rendered":"<ul>\n<li>F\u00fcllmenge: 1,5l<\/li>\n<li>Brandklassen: A, B, F<\/li>\n<li>sehr hohe L\u00f6schleistung<\/li>\n<li>Wieder bef\u00fcll bar<\/li>\n<li>Made in Austria<\/li>\n<li>F\u00fcr kleine Br\u00e4nde (Innenraum)<\/li>\n<li>Einfache Bedienung<\/li>\n<li>In das Feuer werfen und es ist gel\u00f6scht<\/li>\n<li>Robuste und hochwertige Bauweise<\/li>\n<li>Frostsicher bis zu -30 Grad<\/li>\n<li>Nicht mit PFOSI, PFOA und Fluortenside belastet<\/li>\n<li>\u00d6NORM EN3<\/li>\n<\/ul>\n<p>&nbsp;<\/p>\n<p>&nbsp;<\/p>\n<p>&nbsp;<\/p>\n","protected":false},"excerpt":{"rendered":"<p>F\u00fcllmenge: 1,5l<\/p>\n<p>Gewicht: 1,8 kg<\/p>\n<p>Brandklassen: A, B, F<\/p>\n<p>Umweltfreundliche und kleine M\u00f6glichkeit um Br\u00e4nde zu l\u00f6schen<\/p>\n","protected":false},"featured_media":269,"template":"","meta":[],"product_cat":[],"product_tag":[],"class_list":{"0":"post-268","1":"product","2":"type-product","3":"status-publish","4":"has-post-thumbnail","7":"first","8":"instock","9":"taxable","10":"shipping-taxable","11":"purchasable","12":"product-type-simple"},"_links":{"self":[{"href":"https:\/\/actionmall.act.at\/shop\/2716\/wp-json\/wp\/v2\/product\/268"}],"collection":[{"href":"https:\/\/actionmall.act.at\/shop\/2716\/wp-json\/wp\/v2\/product"}],"about":[{"href":"https:\/\/actionmall.act.at\/shop\/2716\/wp-json\/wp\/v2\/types\/product"}],"wp:featuredmedia":[{"embeddable":true,"href":"https:\/\/actionmall.act.at\/shop\/2716\/wp-json\/wp\/v2\/media\/269"}],"wp:attachment":[{"href":"https:\/\/actionmall.act.at\/shop\/2716\/wp-json\/wp\/v2\/media?parent=268"}],"wp:term":[{"taxonomy":"product_cat","embeddable":true,"href":"https:\/\/actionmall.act.at\/shop\/2716\/wp-json\/wp\/v2\/product_cat?post=268"},{"taxonomy":"product_tag","embeddable":true,"href":"https:\/\/actionmall.act.at\/shop\/2716\/wp-json\/wp\/v2\/product_tag?post=268"}],"curies":[{"name":"wp","href":"https:\/\/api.w.org\/{rel}","templated":true}]}}