{"id":275,"date":"2025-10-14T13:56:23","date_gmt":"2025-10-14T11:56:23","guid":{"rendered":"https:\/\/actionmall.act.at\/shop\/2716\/?post_type=product&#038;p=275"},"modified":"2025-10-14T13:56:23","modified_gmt":"2025-10-14T11:56:23","slug":"fettbrand-feuerloescher-6-liter","status":"publish","type":"product","link":"https:\/\/actionmall.act.at\/shop\/2716\/produkt\/fettbrand-feuerloescher-6-liter\/","title":{"rendered":"Fettbrand Feuerl\u00f6scher 6 Liter"},"content":{"rendered":"<p>F\u00fcllmenge: 6 Liter<\/p>\n<p>Brandklassen: A, B, F<\/p>\n<p>L\u00f6scheinheiten: 4<img loading=\"lazy\" decoding=\"async\" class=\"alignnone  wp-image-273\" src=\"https:\/\/actionmall.act.at\/shop\/2716\/wp-content\/uploads\/2025\/10\/FB-295x300.png\" alt=\"\" width=\"294\" height=\"299\" srcset=\"https:\/\/actionmall.act.at\/shop\/2716\/wp-content\/uploads\/2025\/10\/FB-295x300.png 295w, https:\/\/actionmall.act.at\/shop\/2716\/wp-content\/uploads\/2025\/10\/FB.png 300w\" sizes=\"(max-width: 294px) 100vw, 294px\" \/><\/p>\n","protected":false},"excerpt":{"rendered":"<p>F\u00fcllmenge: 6 Liter<\/p>\n<p>Brandklassen: A, B, F<\/p>\n<p>L\u00f6scheinheiten: 4<\/p>\n<p>Bek\u00e4mpfung vorwiegend von fettigen Br\u00e4nden und \u00d6len.<\/p>\n","protected":false},"featured_media":274,"template":"","meta":[],"product_cat":[],"product_tag":[],"class_list":{"0":"post-275","1":"product","2":"type-product","3":"status-publish","4":"has-post-thumbnail","7":"first","8":"instock","9":"taxable","10":"shipping-taxable","11":"purchasable","12":"product-type-simple"},"_links":{"self":[{"href":"https:\/\/actionmall.act.at\/shop\/2716\/wp-json\/wp\/v2\/product\/275"}],"collection":[{"href":"https:\/\/actionmall.act.at\/shop\/2716\/wp-json\/wp\/v2\/product"}],"about":[{"href":"https:\/\/actionmall.act.at\/shop\/2716\/wp-json\/wp\/v2\/types\/product"}],"wp:featuredmedia":[{"embeddable":true,"href":"https:\/\/actionmall.act.at\/shop\/2716\/wp-json\/wp\/v2\/media\/274"}],"wp:attachment":[{"href":"https:\/\/actionmall.act.at\/shop\/2716\/wp-json\/wp\/v2\/media?parent=275"}],"wp:term":[{"taxonomy":"product_cat","embeddable":true,"href":"https:\/\/actionmall.act.at\/shop\/2716\/wp-json\/wp\/v2\/product_cat?post=275"},{"taxonomy":"product_tag","embeddable":true,"href":"https:\/\/actionmall.act.at\/shop\/2716\/wp-json\/wp\/v2\/product_tag?post=275"}],"curies":[{"name":"wp","href":"https:\/\/api.w.org\/{rel}","templated":true}]}}