{"id":325,"date":"2025-11-11T14:08:29","date_gmt":"2025-11-11T13:08:29","guid":{"rendered":"https:\/\/actionmall.act.at\/shop\/2716\/?post_type=product&#038;p=325"},"modified":"2025-11-11T14:08:29","modified_gmt":"2025-11-11T13:08:29","slug":"premium-schaumloescher","status":"publish","type":"product","link":"https:\/\/actionmall.act.at\/shop\/2716\/produkt\/premium-schaumloescher\/","title":{"rendered":"Premium Schauml\u00f6scher"},"content":{"rendered":"<p>Die Premium Version unseres bew\u00e4hrten Schauml\u00f6schers ist jetzt offiziell!<\/p>\n<ul>\n<li>Brandklassen: A, B<\/li>\n<li>F\u00fcllmenge: 7 Liter<\/li>\n<li>L\u00f6scheinheiten: 18<\/li>\n<\/ul>\n<p>Es kommt mit den selben Vorteilen und erweiterten Features.<\/p>\n<ul>\n<li>Erh\u00f6hter Druck und somit mehr L\u00f6scheinheiten insgesamt 8 mehr<\/li>\n<li>Brandklasse: A, B durch den speziellen Schaum schnellere und effektivere L\u00f6schung<\/li>\n<li>Wesentlich Robuster und resistent gegen Br\u00e4nde<\/li>\n<li>Anwenderfreundlicher<\/li>\n<li>Anerkannt von der Europ\u00e4ischen Brandschutz Organisation<\/li>\n<li>Durch seine verst\u00e4rkte Au\u00dfenh\u00fclle mittels Messing und Kupfer, ist er noch um einiges Widerstandsf\u00e4higer und dies wirkt sich auch auf das Erscheinungsbild aus.<\/li>\n<li>Premium steht hier nicht nur im Namen sondern in der gesamten Verarbeitung von diesem Produkt<\/li>\n<\/ul>\n","protected":false},"excerpt":{"rendered":"<p><strong>Effektiver und robuster als die Basis Version.<\/strong><\/p>\n<p><strong>Spezieller L\u00f6schschaum<\/strong><\/p>\n<p><strong>Z\u00e4hlt in Geb\u00e4udepl\u00e4nen gleich viel wie 2 Schauml\u00f6scher der Basis Version<\/strong><\/p>\n<p>&nbsp;<\/p>\n","protected":false},"featured_media":328,"template":"","meta":[],"product_cat":[],"product_tag":[],"class_list":{"0":"post-325","1":"product","2":"type-product","3":"status-publish","4":"has-post-thumbnail","7":"first","8":"instock","9":"taxable","10":"shipping-taxable","11":"purchasable","12":"product-type-simple"},"_links":{"self":[{"href":"https:\/\/actionmall.act.at\/shop\/2716\/wp-json\/wp\/v2\/product\/325"}],"collection":[{"href":"https:\/\/actionmall.act.at\/shop\/2716\/wp-json\/wp\/v2\/product"}],"about":[{"href":"https:\/\/actionmall.act.at\/shop\/2716\/wp-json\/wp\/v2\/types\/product"}],"wp:featuredmedia":[{"embeddable":true,"href":"https:\/\/actionmall.act.at\/shop\/2716\/wp-json\/wp\/v2\/media\/328"}],"wp:attachment":[{"href":"https:\/\/actionmall.act.at\/shop\/2716\/wp-json\/wp\/v2\/media?parent=325"}],"wp:term":[{"taxonomy":"product_cat","embeddable":true,"href":"https:\/\/actionmall.act.at\/shop\/2716\/wp-json\/wp\/v2\/product_cat?post=325"},{"taxonomy":"product_tag","embeddable":true,"href":"https:\/\/actionmall.act.at\/shop\/2716\/wp-json\/wp\/v2\/product_tag?post=325"}],"curies":[{"name":"wp","href":"https:\/\/api.w.org\/{rel}","templated":true}]}}